{"id":4515,"date":"2026-04-20T09:11:53","date_gmt":"2026-04-20T07:11:53","guid":{"rendered":"https:\/\/dev.herdade-dos-lagos.de\/temas-atuais\/"},"modified":"2026-04-20T09:11:53","modified_gmt":"2026-04-20T07:11:53","slug":"temas-atuais","status":"publish","type":"page","link":"https:\/\/herdade-dos-lagos.de\/pt-pt\/temas-atuais\/","title":{"rendered":"Temas Atuais"},"content":{"rendered":"\t\t<div data-elementor-type=\"wp-page\" data-elementor-id=\"4515\" class=\"elementor elementor-4515\" data-elementor-post-type=\"page\">\n\t\t\t\t<div class=\"elementor-element elementor-element-7378b53 e-flex e-con-boxed e-con e-parent\" data-id=\"7378b53\" data-element_type=\"container\" data-e-type=\"container\">\n\t\t\t\t\t<div class=\"e-con-inner\">\n\t\t\t\t<div class=\"elementor-element elementor-element-55d9446 blog-uebersicht elementor-grid-3 elementor-grid-tablet-2 elementor-grid-mobile-1 elementor-posts--thumbnail-top elementor-card-shadow-yes elementor-posts__hover-gradient elementor-widget elementor-widget-posts\" data-id=\"55d9446\" data-element_type=\"widget\" data-e-type=\"widget\" data-settings=\"{&quot;pagination_type&quot;:&quot;numbers&quot;,&quot;cards_columns&quot;:&quot;3&quot;,&quot;cards_columns_tablet&quot;:&quot;2&quot;,&quot;cards_columns_mobile&quot;:&quot;1&quot;,&quot;cards_row_gap&quot;:{&quot;unit&quot;:&quot;px&quot;,&quot;size&quot;:35,&quot;sizes&quot;:[]},&quot;cards_row_gap_tablet&quot;:{&quot;unit&quot;:&quot;px&quot;,&quot;size&quot;:&quot;&quot;,&quot;sizes&quot;:[]},&quot;cards_row_gap_mobile&quot;:{&quot;unit&quot;:&quot;px&quot;,&quot;size&quot;:&quot;&quot;,&quot;sizes&quot;:[]}}\" data-widget_type=\"posts.cards\">\n\t\t\t\t<div class=\"elementor-widget-container\">\n\t\t\t\t\t\t\t<div class=\"elementor-posts-container elementor-posts elementor-posts--skin-cards elementor-grid\" role=\"list\">\n\t\t\t\t<article class=\"elementor-post elementor-grid-item post-3685 post type-post status-publish format-standard has-post-thumbnail hentry category-sem-categoria\" role=\"listitem\">\n\t\t\t<div class=\"elementor-post__card\">\n\t\t\t\t<a class=\"elementor-post__thumbnail__link\" href=\"https:\/\/herdade-dos-lagos.de\/pt-pt\/a-mais-alta-distincao-do-premio-decanter\/\" tabindex=\"-1\" target=\"_blank\"><div class=\"elementor-post__thumbnail\"><img fetchpriority=\"high\" decoding=\"async\" width=\"300\" height=\"210\" src=\"https:\/\/herdade-dos-lagos.de\/wp-content\/uploads\/2025\/12\/herdade-vino-300x210.png\" class=\"attachment-medium size-medium wp-image-4343\" alt=\"\" srcset=\"https:\/\/herdade-dos-lagos.de\/wp-content\/uploads\/2025\/12\/herdade-vino-300x210.png 300w, https:\/\/herdade-dos-lagos.de\/wp-content\/uploads\/2025\/12\/herdade-vino.png 622w\" sizes=\"(max-width: 300px) 100vw, 300px\" \/><\/div><\/a>\n\t\t\t\t<div class=\"elementor-post__text\">\n\t\t\t\t<h3 class=\"elementor-post__title\">\n\t\t\t<a href=\"https:\/\/herdade-dos-lagos.de\/pt-pt\/a-mais-alta-distincao-do-premio-decanter\/\">\n\t\t\t\tA mais alta distin\u00e7\u00e3o do pr\u00e9mio Decanter\t\t\t<\/a>\n\t\t<\/h3>\n\t\t\t\t<div class=\"elementor-post__excerpt\">\n\t\t\t<p>PLATIN para HDL Touriga Nacional 2022 no Decanter World Wine Award 2024! Um j\u00fari de 243 especialistas em vinhos, incluindo<\/p>\n\t\t<\/div>\n\t\t\t\t\t<div class=\"elementor-post__read-more-wrapper\">\n\t\t\n\t\t<a class=\"elementor-post__read-more\" href=\"https:\/\/herdade-dos-lagos.de\/pt-pt\/a-mais-alta-distincao-do-premio-decanter\/\" aria-label=\"Read more about A mais alta distin\u00e7\u00e3o do pr\u00e9mio Decanter\" tabindex=\"-1\" target=\"_blank\">\n\t\t\tWeiterlesen \u00bb\t\t<\/a>\n\n\t\t\t\t\t<\/div>\n\t\t\t\t<\/div>\n\t\t\t\t\t<\/div>\n\t\t<\/article>\n\t\t\t\t<article class=\"elementor-post elementor-grid-item post-3617 post type-post status-publish format-standard has-post-thumbnail hentry category-sem-categoria\" role=\"listitem\">\n\t\t\t<div class=\"elementor-post__card\">\n\t\t\t\t<a class=\"elementor-post__thumbnail__link\" href=\"https:\/\/herdade-dos-lagos.de\/pt-pt\/programa-de-criacao-de-uma-raca-de-ovinos-ameacada-de-extincao\/\" tabindex=\"-1\" target=\"_blank\"><div class=\"elementor-post__thumbnail\"><img decoding=\"async\" width=\"300\" height=\"225\" src=\"https:\/\/herdade-dos-lagos.de\/wp-content\/uploads\/2024\/03\/IMG_3006-1-300x225.jpeg\" class=\"attachment-medium size-medium wp-image-3559\" alt=\"\" srcset=\"https:\/\/herdade-dos-lagos.de\/wp-content\/uploads\/2024\/03\/IMG_3006-1-300x225.jpeg 300w, https:\/\/herdade-dos-lagos.de\/wp-content\/uploads\/2024\/03\/IMG_3006-1.jpeg 320w\" sizes=\"(max-width: 300px) 100vw, 300px\" \/><\/div><\/a>\n\t\t\t\t<div class=\"elementor-post__text\">\n\t\t\t\t<h3 class=\"elementor-post__title\">\n\t\t\t<a href=\"https:\/\/herdade-dos-lagos.de\/pt-pt\/programa-de-criacao-de-uma-raca-de-ovinos-ameacada-de-extincao\/\">\n\t\t\t\tPrograma de cria\u00e7\u00e3o de uma ra\u00e7a de ovinos amea\u00e7ada de extin\u00e7\u00e3o\t\t\t<\/a>\n\t\t<\/h3>\n\t\t\t\t<div class=\"elementor-post__excerpt\">\n\t\t\t<p>Campani\u00e7a A ra\u00e7a ovina local, campani\u00e7a, foi quase totalmente substitu\u00edda pela ra\u00e7a Merino, de &#8220;maior rendimento&#8221;. Na Herdade dos Lagos,<\/p>\n\t\t<\/div>\n\t\t\t\t\t<div class=\"elementor-post__read-more-wrapper\">\n\t\t\n\t\t<a class=\"elementor-post__read-more\" href=\"https:\/\/herdade-dos-lagos.de\/pt-pt\/programa-de-criacao-de-uma-raca-de-ovinos-ameacada-de-extincao\/\" aria-label=\"Read more about Programa de cria\u00e7\u00e3o de uma ra\u00e7a de ovinos amea\u00e7ada de extin\u00e7\u00e3o\" tabindex=\"-1\" target=\"_blank\">\n\t\t\tWeiterlesen \u00bb\t\t<\/a>\n\n\t\t\t\t\t<\/div>\n\t\t\t\t<\/div>\n\t\t\t\t\t<\/div>\n\t\t<\/article>\n\t\t\t\t<article class=\"elementor-post elementor-grid-item post-3615 post type-post status-publish format-standard has-post-thumbnail hentry category-sem-categoria\" role=\"listitem\">\n\t\t\t<div class=\"elementor-post__card\">\n\t\t\t\t<a class=\"elementor-post__thumbnail__link\" href=\"https:\/\/herdade-dos-lagos.de\/pt-pt\/povoamento-do-lince-iberico\/\" tabindex=\"-1\" target=\"_blank\"><div class=\"elementor-post__thumbnail\"><img decoding=\"async\" width=\"300\" height=\"200\" src=\"https:\/\/herdade-dos-lagos.de\/wp-content\/uploads\/2020\/08\/0AB27D35-3967-44B8-9210-9512432CF7D0-300x200.jpeg\" class=\"attachment-medium size-medium wp-image-2662\" alt=\"\" srcset=\"https:\/\/herdade-dos-lagos.de\/wp-content\/uploads\/2020\/08\/0AB27D35-3967-44B8-9210-9512432CF7D0-300x200.jpeg 300w, https:\/\/herdade-dos-lagos.de\/wp-content\/uploads\/2020\/08\/0AB27D35-3967-44B8-9210-9512432CF7D0-1024x682.jpeg 1024w, https:\/\/herdade-dos-lagos.de\/wp-content\/uploads\/2020\/08\/0AB27D35-3967-44B8-9210-9512432CF7D0-768x512.jpeg 768w, https:\/\/herdade-dos-lagos.de\/wp-content\/uploads\/2020\/08\/0AB27D35-3967-44B8-9210-9512432CF7D0-1240x826.jpeg 1240w, https:\/\/herdade-dos-lagos.de\/wp-content\/uploads\/2020\/08\/0AB27D35-3967-44B8-9210-9512432CF7D0-508x339.jpeg 508w, https:\/\/herdade-dos-lagos.de\/wp-content\/uploads\/2020\/08\/0AB27D35-3967-44B8-9210-9512432CF7D0.jpeg 1280w\" sizes=\"(max-width: 300px) 100vw, 300px\" \/><\/div><\/a>\n\t\t\t\t<div class=\"elementor-post__text\">\n\t\t\t\t<h3 class=\"elementor-post__title\">\n\t\t\t<a href=\"https:\/\/herdade-dos-lagos.de\/pt-pt\/povoamento-do-lince-iberico\/\">\n\t\t\t\tPovoamento do lince ib\u00e9rico\t\t\t<\/a>\n\t\t<\/h3>\n\t\t\t\t<div class=\"elementor-post__excerpt\">\n\t\t\t<p>O lince ib\u00e9rico outrora quase extinto, consta da lista vermelha das esp\u00e9cies amea\u00e7adas ou em vias extin\u00e7\u00e3o. Gra\u00e7as a reintrodu\u00e7\u00f5es<\/p>\n\t\t<\/div>\n\t\t\t\t\t<div class=\"elementor-post__read-more-wrapper\">\n\t\t\n\t\t<a class=\"elementor-post__read-more\" href=\"https:\/\/herdade-dos-lagos.de\/pt-pt\/povoamento-do-lince-iberico\/\" aria-label=\"Read more about Povoamento do lince ib\u00e9rico\" tabindex=\"-1\" target=\"_blank\">\n\t\t\tWeiterlesen \u00bb\t\t<\/a>\n\n\t\t\t\t\t<\/div>\n\t\t\t\t<\/div>\n\t\t\t\t\t<\/div>\n\t\t<\/article>\n\t\t\t\t<article class=\"elementor-post elementor-grid-item post-3534 post type-post status-publish format-standard has-post-thumbnail hentry category-sem-categoria\" role=\"listitem\">\n\t\t\t<div class=\"elementor-post__card\">\n\t\t\t\t<a class=\"elementor-post__thumbnail__link\" href=\"https:\/\/herdade-dos-lagos.de\/pt-pt\/premio-para-a-agricultura-sustentavel\/\" tabindex=\"-1\" target=\"_blank\"><div class=\"elementor-post__thumbnail\"><img loading=\"lazy\" decoding=\"async\" width=\"300\" height=\"169\" src=\"https:\/\/herdade-dos-lagos.de\/wp-content\/uploads\/2024\/02\/award-ceremony-300x169.jpg\" class=\"attachment-medium size-medium wp-image-3511\" alt=\"\" srcset=\"https:\/\/herdade-dos-lagos.de\/wp-content\/uploads\/2024\/02\/award-ceremony-300x169.jpg 300w, https:\/\/herdade-dos-lagos.de\/wp-content\/uploads\/2024\/02\/award-ceremony-1024x576.jpg 1024w, https:\/\/herdade-dos-lagos.de\/wp-content\/uploads\/2024\/02\/award-ceremony-768x432.jpg 768w, https:\/\/herdade-dos-lagos.de\/wp-content\/uploads\/2024\/02\/award-ceremony-508x286.jpg 508w, https:\/\/herdade-dos-lagos.de\/wp-content\/uploads\/2024\/02\/award-ceremony.jpg 1028w\" sizes=\"(max-width: 300px) 100vw, 300px\" \/><\/div><\/a>\n\t\t\t\t<div class=\"elementor-post__text\">\n\t\t\t\t<h3 class=\"elementor-post__title\">\n\t\t\t<a href=\"https:\/\/herdade-dos-lagos.de\/pt-pt\/premio-para-a-agricultura-sustentavel\/\">\n\t\t\t\tPr\u00e9mio para a agricultura sustent\u00e1vel\t\t\t<\/a>\n\t\t<\/h3>\n\t\t\t\t<div class=\"elementor-post__excerpt\">\n\t\t\t<p>Helena Manuel, a nossa gestora agr\u00edcola, recebeu a men\u00e7\u00e3o honrosa do pr\u00e9mio nacional de agricultura, categoria sustentabilidade, em nosso nome.<\/p>\n\t\t<\/div>\n\t\t\t\t\t<div class=\"elementor-post__read-more-wrapper\">\n\t\t\n\t\t<a class=\"elementor-post__read-more\" href=\"https:\/\/herdade-dos-lagos.de\/pt-pt\/premio-para-a-agricultura-sustentavel\/\" aria-label=\"Read more about Pr\u00e9mio para a agricultura sustent\u00e1vel\" tabindex=\"-1\" target=\"_blank\">\n\t\t\tWeiterlesen \u00bb\t\t<\/a>\n\n\t\t\t\t\t<\/div>\n\t\t\t\t<\/div>\n\t\t\t\t\t<\/div>\n\t\t<\/article>\n\t\t\t\t<article class=\"elementor-post elementor-grid-item post-3536 post type-post status-publish format-standard has-post-thumbnail hentry category-sem-categoria\" role=\"listitem\">\n\t\t\t<div class=\"elementor-post__card\">\n\t\t\t\t<a class=\"elementor-post__thumbnail__link\" href=\"https:\/\/herdade-dos-lagos.de\/pt-pt\/premio-para-a-igualdade-de-direitos\/\" tabindex=\"-1\" target=\"_blank\"><div class=\"elementor-post__thumbnail\"><img loading=\"lazy\" decoding=\"async\" width=\"300\" height=\"156\" src=\"https:\/\/herdade-dos-lagos.de\/wp-content\/uploads\/2024\/02\/Selo_igualdade_2023-300x156.png\" class=\"attachment-medium size-medium wp-image-3524\" alt=\"\" srcset=\"https:\/\/herdade-dos-lagos.de\/wp-content\/uploads\/2024\/02\/Selo_igualdade_2023-300x156.png 300w, https:\/\/herdade-dos-lagos.de\/wp-content\/uploads\/2024\/02\/Selo_igualdade_2023-1024x532.png 1024w, https:\/\/herdade-dos-lagos.de\/wp-content\/uploads\/2024\/02\/Selo_igualdade_2023-768x399.png 768w, https:\/\/herdade-dos-lagos.de\/wp-content\/uploads\/2024\/02\/Selo_igualdade_2023-1240x644.png 1240w, https:\/\/herdade-dos-lagos.de\/wp-content\/uploads\/2024\/02\/Selo_igualdade_2023-508x264.png 508w, https:\/\/herdade-dos-lagos.de\/wp-content\/uploads\/2024\/02\/Selo_igualdade_2023.png 1242w\" sizes=\"(max-width: 300px) 100vw, 300px\" \/><\/div><\/a>\n\t\t\t\t<div class=\"elementor-post__text\">\n\t\t\t\t<h3 class=\"elementor-post__title\">\n\t\t\t<a href=\"https:\/\/herdade-dos-lagos.de\/pt-pt\/premio-para-a-igualdade-de-direitos\/\">\n\t\t\t\tPr\u00e9mio para a igualdade de direitos\t\t\t<\/a>\n\t\t<\/h3>\n\t\t\t\t<div class=\"elementor-post__excerpt\">\n\t\t\t<p>A Herdade dos Lagos foi distinguida pela implementa\u00e7\u00e3o pr\u00e1tica da igualdade de direitos entre homens e mulheres atrav\u00e9s da igualdade<\/p>\n\t\t<\/div>\n\t\t\t\t\t<div class=\"elementor-post__read-more-wrapper\">\n\t\t\n\t\t<a class=\"elementor-post__read-more\" href=\"https:\/\/herdade-dos-lagos.de\/pt-pt\/premio-para-a-igualdade-de-direitos\/\" aria-label=\"Read more about Pr\u00e9mio para a igualdade de direitos\" tabindex=\"-1\" target=\"_blank\">\n\t\t\tWeiterlesen \u00bb\t\t<\/a>\n\n\t\t\t\t\t<\/div>\n\t\t\t\t<\/div>\n\t\t\t\t\t<\/div>\n\t\t<\/article>\n\t\t\t\t<article class=\"elementor-post elementor-grid-item post-3489 post type-post status-publish format-standard has-post-thumbnail hentry category-sem-categoria\" role=\"listitem\">\n\t\t\t<div class=\"elementor-post__card\">\n\t\t\t\t<a class=\"elementor-post__thumbnail__link\" href=\"https:\/\/herdade-dos-lagos.de\/pt-pt\/ler-2023\/\" tabindex=\"-1\" target=\"_blank\"><div class=\"elementor-post__thumbnail\"><img loading=\"lazy\" decoding=\"async\" width=\"300\" height=\"225\" src=\"https:\/\/herdade-dos-lagos.de\/wp-content\/uploads\/2020\/08\/B6D40F53-2E5C-4FAE-8B79-AFE6BFBC1E3C-300x225.jpeg\" class=\"attachment-medium size-medium wp-image-2140\" alt=\"\" srcset=\"https:\/\/herdade-dos-lagos.de\/wp-content\/uploads\/2020\/08\/B6D40F53-2E5C-4FAE-8B79-AFE6BFBC1E3C-300x225.jpeg 300w, https:\/\/herdade-dos-lagos.de\/wp-content\/uploads\/2020\/08\/B6D40F53-2E5C-4FAE-8B79-AFE6BFBC1E3C-508x381.jpeg 508w, https:\/\/herdade-dos-lagos.de\/wp-content\/uploads\/2020\/08\/B6D40F53-2E5C-4FAE-8B79-AFE6BFBC1E3C.jpeg 640w\" sizes=\"(max-width: 300px) 100vw, 300px\" \/><\/div><\/a>\n\t\t\t\t<div class=\"elementor-post__text\">\n\t\t\t\t<h3 class=\"elementor-post__title\">\n\t\t\t<a href=\"https:\/\/herdade-dos-lagos.de\/pt-pt\/ler-2023\/\">\n\t\t\t\tVindima 2023\t\t\t<\/a>\n\t\t<\/h3>\n\t\t\t\t<div class=\"elementor-post__excerpt\">\n\t\t\t<p>https:\/\/youtu.be\/Lt_EKa9zu6E?t=1https:\/\/youtu.be\/Lt_EKa9zu6E?t=1 Desfrute de um voo sobre as vinhas e observe por cima do nosso ombro durante a vindima&#8230;<\/p>\n\t\t<\/div>\n\t\t\t\t\t<div class=\"elementor-post__read-more-wrapper\">\n\t\t\n\t\t<a class=\"elementor-post__read-more\" href=\"https:\/\/herdade-dos-lagos.de\/pt-pt\/ler-2023\/\" aria-label=\"Read more about Vindima 2023\" tabindex=\"-1\" target=\"_blank\">\n\t\t\tWeiterlesen \u00bb\t\t<\/a>\n\n\t\t\t\t\t<\/div>\n\t\t\t\t<\/div>\n\t\t\t\t\t<\/div>\n\t\t<\/article>\n\t\t\t\t<\/div>\n\t\t\n\t\t\t\t<div class=\"e-load-more-anchor\" data-page=\"1\" data-max-page=\"4\" data-next-page=\"https:\/\/herdade-dos-lagos.de\/pt-pt\/wp-json\/wp\/v2\/pages\/4515\/page\/2\/\"><\/div>\n\t\t\t\t<nav class=\"elementor-pagination\" aria-label=\"Pagination\">\n\t\t\t<span aria-current=\"page\" class=\"page-numbers current\"><span class=\"elementor-screen-only\">P\u00e1gina<\/span>1<\/span>\n<a class=\"page-numbers\" href=\"https:\/\/herdade-dos-lagos.de\/pt-pt\/wp-json\/wp\/v2\/pages\/4515\/page\/2\/\"><span class=\"elementor-screen-only\">P\u00e1gina<\/span>2<\/a>\n<a class=\"page-numbers\" href=\"https:\/\/herdade-dos-lagos.de\/pt-pt\/wp-json\/wp\/v2\/pages\/4515\/page\/3\/\"><span class=\"elementor-screen-only\">P\u00e1gina<\/span>3<\/a>\n<a class=\"page-numbers\" href=\"https:\/\/herdade-dos-lagos.de\/pt-pt\/wp-json\/wp\/v2\/pages\/4515\/page\/4\/\"><span class=\"elementor-screen-only\">P\u00e1gina<\/span>4<\/a>\t\t<\/nav>\n\t\t\t\t\t\t<\/div>\n\t\t\t\t<\/div>\n\t\t\t\t\t<\/div>\n\t\t\t\t<\/div>\n\t\t\t\t<\/div>\n\t\t","protected":false},"excerpt":{"rendered":"","protected":false},"author":6,"featured_media":2662,"parent":0,"menu_order":0,"comment_status":"closed","ping_status":"closed","template":"","meta":{"_acf_changed":false,"ngg_post_thumbnail":0,"footnotes":""},"class_list":["post-4515","page","type-page","status-publish","has-post-thumbnail","hentry"],"acf":[],"_links":{"self":[{"href":"https:\/\/herdade-dos-lagos.de\/pt-pt\/wp-json\/wp\/v2\/pages\/4515","targetHints":{"allow":["GET"]}}],"collection":[{"href":"https:\/\/herdade-dos-lagos.de\/pt-pt\/wp-json\/wp\/v2\/pages"}],"about":[{"href":"https:\/\/herdade-dos-lagos.de\/pt-pt\/wp-json\/wp\/v2\/types\/page"}],"author":[{"embeddable":true,"href":"https:\/\/herdade-dos-lagos.de\/pt-pt\/wp-json\/wp\/v2\/users\/6"}],"replies":[{"embeddable":true,"href":"https:\/\/herdade-dos-lagos.de\/pt-pt\/wp-json\/wp\/v2\/comments?post=4515"}],"version-history":[{"count":0,"href":"https:\/\/herdade-dos-lagos.de\/pt-pt\/wp-json\/wp\/v2\/pages\/4515\/revisions"}],"wp:featuredmedia":[{"embeddable":true,"href":"https:\/\/herdade-dos-lagos.de\/pt-pt\/wp-json\/wp\/v2\/media\/2662"}],"wp:attachment":[{"href":"https:\/\/herdade-dos-lagos.de\/pt-pt\/wp-json\/wp\/v2\/media?parent=4515"}],"curies":[{"name":"wp","href":"https:\/\/api.w.org\/{rel}","templated":true}]}}