{"id":3136,"date":"2020-08-15T18:00:20","date_gmt":"2020-08-15T16:00:20","guid":{"rendered":"https:\/\/herdade-dos-lagos.de\/?page_id=3136"},"modified":"2024-03-11T17:31:59","modified_gmt":"2024-03-11T16:31:59","slug":"vinhas","status":"publish","type":"page","link":"https:\/\/herdade-dos-lagos.de\/pt-pt\/vinhas\/","title":{"rendered":"Vinhas"},"content":{"rendered":"\n<p class=\"has-text-align-justify\">O trabalho na vinha \u00e9 realizado de acordo com os princ\u00edpios b\u00e1sicos da agricultura biol\u00f3gica, da permacultura e da agricultura regenerativa.<br>O maneio do solo e a constru\u00e7\u00e3o de h\u00famus \u00e9 incrementado atrav\u00e9s de fertiliza\u00e7\u00e3o verde com sementeira de coberturas vegetais permanentes nas entrelinhas da vinha,  \u00e9 tamb\u00e9m incorporado o nosso pr\u00f3prio composto, que obtemos principalmente a partir do estrume das nossas ovelhas e do produtos secund\u00e1rios da vinifica\u00e7\u00e3o (massas e enga\u00e7os).<br>Antes da rebenta\u00e7\u00e3o da vinha, deixamos as ovelhas pastarem, o que leva a uma fertiliza\u00e7\u00e3o natural e um controlo natural da flora herb\u00e1cea espont\u00e2nea.<br>Para canalizar a \u00e1gua para a vinha, cri\u00e1mos barreiras para parar a eros\u00e3o e direcionar a \u00e1gua para vinha, de forma natural, utilizando o xisto existente na Herdade. <br>Estas barreiras, servem tamb\u00e9m refugio a r\u00e9pteis e outros pequenos mam\u00edferos, e, tamb\u00e9m a oportunidades de reprodu\u00e7\u00e3o de alguns vesp\u00eddeos que s\u00e3o inimigos naturais das cicadela de uva.<br>Para promover a biodiversidade, plant\u00e1mos plantas aut\u00f3ctones no fim de cada linha da vinha (por exemplo, medronho, rom\u00e3, loendro, zambujeiro, murta, entre outros&#8230;).<br>Tamb\u00e9m nas margens da vinha e nas zonas que naturalmente surgem na paisagem, plant\u00e1mos corredores ecol\u00f3gicos de \u00e1rvores e arbustos: casuarinas, pinheiros, loendros, etc., que servem de &#8220;corta-ventos&#8221; e habitats de esp\u00e9cies auxiliares e assim impedem a a\u00e7\u00e3o do vento na desidrata\u00e7\u00e3o do solo e da cultura e o controlo de eros\u00e3o\/aumento de mat\u00e9ria org\u00e2nica, para al\u00e9m da promo\u00e7\u00e3o da biodiversidade.<br>Com todas estas medidas, queremos criar um solo saud\u00e1vel e consequentemente vinhas saud\u00e1veis e uma melhor qualidade da uva. <\/p>\n\n\n\n<p class=\"has-text-align-justify\">Queremos uma produ\u00e7\u00e3o assente nos princ\u00edpios da sustentabilidade, a prova disso \u00e9 a nossa certifica\u00e7\u00e3o de produ\u00e7\u00e3o sustent\u00e1vel dos vinhos do Alentejo (<a href=\"https:\/\/sustentabilidade.vinhosdoalentejo.pt\/pt\/certificacao-psva\">PSVA<\/a>).<\/p>\n\n\n\nngg_shortcode_0_placeholder\n","protected":false},"excerpt":{"rendered":"<p>O trabalho na vinha \u00e9 realizado de acordo com os princ\u00edpios b\u00e1sicos da agricultura biol\u00f3gica, da permacultura e da agricultura regenerativa.O maneio do solo e a constru\u00e7\u00e3o de h\u00famus \u00e9 incrementado atrav\u00e9s de fertiliza\u00e7\u00e3o verde com sementeira de coberturas vegetais permanentes nas entrelinhas da vinha, \u00e9 tamb\u00e9m incorporado o nosso pr\u00f3prio composto, que obtemos principalmente [&hellip;]<\/p>\n","protected":false},"author":1,"featured_media":1407,"parent":0,"menu_order":0,"comment_status":"closed","ping_status":"closed","template":"","meta":{"ngg_post_thumbnail":0,"footnotes":""},"class_list":["post-3136","page","type-page","status-publish","has-post-thumbnail","hentry"],"jetpack_sharing_enabled":true,"_links":{"self":[{"href":"https:\/\/herdade-dos-lagos.de\/pt-pt\/wp-json\/wp\/v2\/pages\/3136","targetHints":{"allow":["GET"]}}],"collection":[{"href":"https:\/\/herdade-dos-lagos.de\/pt-pt\/wp-json\/wp\/v2\/pages"}],"about":[{"href":"https:\/\/herdade-dos-lagos.de\/pt-pt\/wp-json\/wp\/v2\/types\/page"}],"author":[{"embeddable":true,"href":"https:\/\/herdade-dos-lagos.de\/pt-pt\/wp-json\/wp\/v2\/users\/1"}],"replies":[{"embeddable":true,"href":"https:\/\/herdade-dos-lagos.de\/pt-pt\/wp-json\/wp\/v2\/comments?post=3136"}],"version-history":[{"count":10,"href":"https:\/\/herdade-dos-lagos.de\/pt-pt\/wp-json\/wp\/v2\/pages\/3136\/revisions"}],"predecessor-version":[{"id":3654,"href":"https:\/\/herdade-dos-lagos.de\/pt-pt\/wp-json\/wp\/v2\/pages\/3136\/revisions\/3654"}],"wp:featuredmedia":[{"embeddable":true,"href":"https:\/\/herdade-dos-lagos.de\/pt-pt\/wp-json\/wp\/v2\/media\/1407"}],"wp:attachment":[{"href":"https:\/\/herdade-dos-lagos.de\/pt-pt\/wp-json\/wp\/v2\/media?parent=3136"}],"curies":[{"name":"wp","href":"https:\/\/api.w.org\/{rel}","templated":true}]}}