{"id":2558,"date":"2020-08-14T09:31:53","date_gmt":"2020-08-14T07:31:53","guid":{"rendered":"https:\/\/herdade-dos-lagos.de\/produkte\/"},"modified":"2020-08-15T16:20:19","modified_gmt":"2020-08-15T14:20:19","slug":"produkte","status":"publish","type":"page","link":"https:\/\/herdade-dos-lagos.de\/pt-pt\/produkte\/","title":{"rendered":"Produtos"},"content":{"rendered":"\n<p>A Herdade dos Lagos cobre cerca de 1000 hectares sobre os quais cultivamos vinho, azeitonas e alfarroba.  <br\/>As restantes \u00e1reas s\u00e3o foreforesadas com pinheiros, sobreiros, azinheiras e outras esp\u00e9cies de plantas aut\u00f3ctones, s\u00e3o utilizadas como pastagens de ovinos ou est\u00e3o protegidas pela conserva\u00e7\u00e3o da natureza.<\/p>\n\n<p>Todos os nossos produtos s\u00e3o org\u00e2nicos certificados.<br\/><br\/>Mais informa\u00e7\u00f5es sobre os produtos individuais podem ser consultadas aqui:<\/p>\n\n<div class=\"wp-block-cover aligncenter has-background-dim-20 has-background-dim is-position-center-center\" style=\"background-image:url(https:\/\/herdade-dos-lagos.de\/wp-content\/uploads\/2019\/06\/26-Weine-im-Barriqueregal.jpg);background-position:40% 26%;min-height:186px;aspect-ratio:unset;\"><div class=\"wp-block-cover__inner-container is-layout-flow wp-block-cover-is-layout-flow\">\n<h3 class=\"has-text-align-center wp-block-heading\"><a href=\"https:\/\/herdade-dos-lagos.de\/pt-pt\/vinhos-hdl\/\" data-type=\"page\" data-id=\"228\">Vinhos HDL<\/a><\/h3>\n<\/div><\/div>\n\n<div class=\"wp-block-cover aligncenter has-background-dim-20 has-background-dim is-position-center-center\" style=\"background-image:url(https:\/\/herdade-dos-lagos.de\/wp-content\/uploads\/2020\/08\/F40ECB87-CA25-457D-A2A9-12D066CB50AB-e1597291995805.jpeg);background-position:40% 26%;min-height:186px;aspect-ratio:unset;\"><div class=\"wp-block-cover__inner-container is-layout-flow wp-block-cover-is-layout-flow\">\n<h3 class=\"has-text-align-center wp-block-heading\"><a href=\"https:\/\/herdade-dos-lagos.de\/pt-pt\/vinhos-delinat\/\" data-type=\"URL\" data-id=\"https:\/\/herdade-dos-lagos.de\/unsere-weine\/\">Vinhos Delinat<\/a><\/h3>\n<\/div><\/div>\n\n<div class=\"wp-block-cover aligncenter has-background-dim-20 has-background-dim is-position-center-center\" style=\"background-image:url(https:\/\/herdade-dos-lagos.de\/wp-content\/uploads\/2020\/08\/CA3BEF9C-1482-424B-A6EB-032DDEFBD86A.jpeg);background-position:40% 26%;min-height:186px;aspect-ratio:unset;\"><div class=\"wp-block-cover__inner-container is-layout-flow wp-block-cover-is-layout-flow\">\n<h3 class=\"has-text-align-center wp-block-heading\"><a href=\"https:\/\/herdade-dos-lagos.de\/pt-pt\/azeitonas\/\" data-type=\"page\" data-id=\"223\">Azeitonas<\/a><\/h3>\n<\/div><\/div>\n\n<div class=\"wp-block-cover aligncenter has-background-dim-20 has-background-dim is-position-center-center\" style=\"background-image:url(https:\/\/herdade-dos-lagos.de\/wp-content\/uploads\/2020\/08\/IMG_20200412_142330-scaled-e1597294485870.jpg);background-position:40% 26%;min-height:186px;aspect-ratio:unset;\"><div class=\"wp-block-cover__inner-container is-layout-flow wp-block-cover-is-layout-flow\">\n<h3 class=\"has-text-align-center wp-block-heading\"><a href=\"https:\/\/herdade-dos-lagos.de\/pt-pt\/alfarrobeiro-johannisbrot\/\" data-type=\"page\" data-id=\"218\">Alfarrobeiro<\/a><\/h3>\n<\/div><\/div>\n\n<div class=\"wp-block-cover aligncenter has-background-dim-20 has-background-dim is-position-center-center\" style=\"background-image:url(https:\/\/herdade-dos-lagos.de\/wp-content\/uploads\/2020\/08\/Iberischer-Lavendel-Grundlage-fuer-unseren-Honig.png);background-position:40% 26%;min-height:186px;aspect-ratio:unset;\"><div class=\"wp-block-cover__inner-container is-layout-flow wp-block-cover-is-layout-flow\">\n<h3 class=\"has-text-align-center wp-block-heading\"><a href=\"https:\/\/herdade-dos-lagos.de\/pt-pt\/mel\/\" data-type=\"page\" data-id=\"2992\">Mel<\/a><\/h3>\n<\/div><\/div>\n\n<div class=\"wp-block-cover aligncenter has-background-dim-20 has-background-dim is-position-center-center\" style=\"background-image:url(https:\/\/herdade-dos-lagos.de\/wp-content\/uploads\/2020\/08\/5F00465C-DCBF-46D7-B312-F3748A10B11B-scaled.jpeg);background-position:40% 26%;min-height:186px;aspect-ratio:unset;\"><div class=\"wp-block-cover__inner-container is-layout-flow wp-block-cover-is-layout-flow\">\n<h3 class=\"has-text-align-center wp-block-heading\"><a href=\"https:\/\/herdade-dos-lagos.de\/pt-pt\/ovelhas\/\" data-type=\"page\" data-id=\"213\">Ovelhas<\/a><\/h3>\n<\/div><\/div>\n\n<p><\/p>\n","protected":false},"excerpt":{"rendered":"<p>A Herdade dos Lagos cobre cerca de 1000 hectares sobre os quais cultivamos vinho, azeitonas e alfarroba. As restantes \u00e1reas s\u00e3o foreforesadas com pinheiros, sobreiros, azinheiras e outras esp\u00e9cies de plantas aut\u00f3ctones, s\u00e3o utilizadas como pastagens de ovinos ou est\u00e3o protegidas pela conserva\u00e7\u00e3o da natureza. Todos os nossos produtos s\u00e3o org\u00e2nicos certificados. Mais informa\u00e7\u00f5es sobre [&hellip;]<\/p>\n","protected":false},"author":1,"featured_media":0,"parent":0,"menu_order":0,"comment_status":"closed","ping_status":"closed","template":"","meta":{"ngg_post_thumbnail":0,"footnotes":""},"class_list":["post-2558","page","type-page","status-publish","hentry"],"jetpack_sharing_enabled":true,"_links":{"self":[{"href":"https:\/\/herdade-dos-lagos.de\/pt-pt\/wp-json\/wp\/v2\/pages\/2558","targetHints":{"allow":["GET"]}}],"collection":[{"href":"https:\/\/herdade-dos-lagos.de\/pt-pt\/wp-json\/wp\/v2\/pages"}],"about":[{"href":"https:\/\/herdade-dos-lagos.de\/pt-pt\/wp-json\/wp\/v2\/types\/page"}],"author":[{"embeddable":true,"href":"https:\/\/herdade-dos-lagos.de\/pt-pt\/wp-json\/wp\/v2\/users\/1"}],"replies":[{"embeddable":true,"href":"https:\/\/herdade-dos-lagos.de\/pt-pt\/wp-json\/wp\/v2\/comments?post=2558"}],"version-history":[{"count":12,"href":"https:\/\/herdade-dos-lagos.de\/pt-pt\/wp-json\/wp\/v2\/pages\/2558\/revisions"}],"predecessor-version":[{"id":3051,"href":"https:\/\/herdade-dos-lagos.de\/pt-pt\/wp-json\/wp\/v2\/pages\/2558\/revisions\/3051"}],"wp:attachment":[{"href":"https:\/\/herdade-dos-lagos.de\/pt-pt\/wp-json\/wp\/v2\/media?parent=2558"}],"curies":[{"name":"wp","href":"https:\/\/api.w.org\/{rel}","templated":true}]}}