{"id":2280,"date":"2020-08-13T12:50:55","date_gmt":"2020-08-13T10:50:55","guid":{"rendered":"https:\/\/hdl-portugal.eu\/?page_id=2280"},"modified":"2020-08-13T15:53:07","modified_gmt":"2020-08-13T13:53:07","slug":"politica-de-privacidade","status":"publish","type":"page","link":"https:\/\/herdade-dos-lagos.de\/pt-pt\/politica-de-privacidade\/","title":{"rendered":"Pol\u00edtica de Privacidade"},"content":{"rendered":"\n<h3 class=\"wp-block-heading\"><strong>1. Vis\u00e3o geral da prote\u00e7\u00e3o de dados<\/strong><\/h3>\n\n\n\n<p>Seguidamente \u00e9 apresentado um resumo do que acontece com as suas informa\u00e7\u00f5es pessoais quando voc\u00ea visita o nosso site. As Informa\u00e7\u00f5es pessoais s\u00e3o quaisquer dados com os quais voc\u00ea possa ser identificado pessoalmente. Informa\u00e7\u00f5es detalhadas sobre o assunto de prote\u00e7\u00e3o de dados podem ser encontradas na nossa pol\u00edtica de privacidade abaixo.<\/p>\n\n\n\n<p><strong>colheita de dados no nosso site<\/strong><\/p>\n\n\n\n<p><strong>Quem \u00e9 respons\u00e1vel pela colheita de dados neste site?<br><\/strong>Os dados recolhidos neste site s\u00e3o processados \u200b\u200bpelo operador do site. Os detalhes de contato da operadora podem ser encontrados no aviso legal exigido do site.<\/p>\n\n\n\n<p><strong>Como recolhemos os seus dados?<\/strong><br>Alguns dados s\u00e3o recolhidos quando voc\u00ea os fornece. Por exemplo, os dados inseridos num formul\u00e1rio de contato.<\/p>\n\n\n\n<p>Outros dados s\u00e3o recolhidos automaticamente pelos nossos sistemas de IT quando voc\u00ea visita o site. Esses dados s\u00e3o principalmente dados t\u00e9cnicos, como o navegador e o sistema operacional que voc\u00ea est\u00e1 a usar ou quando acedeu \u00e0 p\u00e1gina. Esses dados s\u00e3o recolhidos automaticamente assim que voc\u00ea entra no nosso site.<\/p>\n\n\n\n<p><strong>Para que usamos seus dados?<br><\/strong>Parte dos dados s\u00e3o recolhidos para garantir o funcionamento adequado do site. Outros dados podem ser usados \u200b\u200bpara analisar como os visitantes usam o site.<\/p>\n\n\n\n<p><strong>Quais s\u00e3o os seus direitos em rela\u00e7\u00e3o aos seus dados?<br><\/strong>Voc\u00ea tem sempre o direito de solicitar informa\u00e7\u00f5es sobre seus dados armazenados, a sua origem, os seus destinat\u00e1rios e o prop\u00f3sito de sua colheita sem nenhum custo. Voc\u00ea tamb\u00e9m tem o direito de solicitar que seja corrigido, bloqueado ou exclu\u00eddo. Voc\u00ea pode entrar em contato connosco a qualquer momento, usando o endere\u00e7o fornecido no aviso legal, se tiver mais d\u00favidas sobre a quest\u00e3o da privacidade e prote\u00e7\u00e3o de dados. Voc\u00ea tamb\u00e9m pode, obviamente, registrar uma queixa junto \u00e0s autoridades reguladoras competentes.<\/p>\n\n\n\n<p><strong>Analise e outras ferramentas<\/strong><\/p>\n\n\n\n<p>Ao visitar o nosso site, podem ser feitas an\u00e1lises estat\u00edsticas do seu comportamento de navega\u00e7\u00e3o. Isso acontece principalmente usando cookies e analytics. A an\u00e1lise do seu comportamento de navega\u00e7\u00e3o geralmente \u00e9 an\u00f3nima, ou seja, n\u00e3o poderemos identific\u00e1-lo a partir desses dados. Voc\u00ea pode opor-se a essa an\u00e1lise ou impedi-la de n\u00e3o usar determinadas ferramentas. Informa\u00e7\u00f5es detalhadas podem ser encontradas na seguinte pol\u00edtica de privacidade.<\/p>\n\n\n\n<p>Voc\u00ea pode opor-se a essa an\u00e1lise. Vamos inform\u00e1-lo abaixo sobre como exercer suas op\u00e7\u00f5es a esse respeito.<\/p>\n\n\n\n<h3 class=\"wp-block-heading\"><strong>2. Informa\u00e7\u00f5es gerais e informa\u00e7\u00f5es obrigat\u00f3rias<\/strong><\/h3>\n\n\n\n<p><strong>Prote\u00e7\u00e3o de dados<\/strong><\/p>\n\n\n\n<p>Os operadores deste site levam muito a s\u00e9rio a prote\u00e7\u00e3o dos seus dados pessoais. Tratamos os seus dados pessoais como confidenciais e de acordo com os regulamentos legais de prote\u00e7\u00e3o de dados e esta pol\u00edtica de privacidade.<\/p>\n\n\n\n<p>Se voc\u00ea usar este site, v\u00e1rios dados pessoais ser\u00e3o recolhidos. Informa\u00e7\u00f5es pessoais s\u00e3o quaisquer dados com os quais voc\u00ea possa ser identificado pessoalmente. Esta pol\u00edtica de privacidade explica quais as informa\u00e7\u00f5es que recolhemos e para que as usamos. Tamb\u00e9m explica como e para que prop\u00f3sito isso acontece.<\/p>\n\n\n\n<p>Por favor, note que os dados transmitidos atrav\u00e9s da internet (por exemplo, via comunica\u00e7\u00e3o por e-mail) podem estar sujeitos a viola\u00e7\u00f5es de seguran\u00e7a. A prote\u00e7\u00e3o completa dos seus dados de acesso de terceiros n\u00e3o \u00e9 poss\u00edvel.<\/p>\n\n\n\n<p><strong>Aviso relativo \u00e0 parte respons\u00e1vel por este site<\/strong><\/p>\n\n\n\n<p>A parte respons\u00e1vel pelo processamento de dados neste site \u00e9:<\/p>\n\n\n\n<p>Herdade dos Lagos GmbH &amp; Co. KG<br>Langenstr. 50<br>28195 Bremen<\/p>\n\n\n\n<p>Telefone:&nbsp;+49 (0) 4792 950185<br>Email:&nbsp;<a href=\"mailto:info@herdade-dos-lagos.com\">info@herdade-dos-lagos.com<\/a><\/p>\n\n\n\n<p>A parte respons\u00e1vel \u00e9 a pessoa singular ou colectiva que sozinha ou em conjunto com outras pessoas decide sobre os fins e meios de processamento de dados pessoais (nomes, endere\u00e7os de email, etc.).<\/p>\n\n\n\n<p><strong>N\u00e3o consentimento para o processamento dos seus dados<\/strong><\/p>\n\n\n\n<p>Muitas opera\u00e7\u00f5es de processamento de dados s\u00f3 s\u00e3o poss\u00edveis com o seu consentimento expresso. Voc\u00ea pode negar o seu consentimento a qualquer momento com efeito futuro. Um email informal que faz este pedido \u00e9 suficiente. Os dados processados \u200b\u200bantes de recebermos a sua solicita\u00e7\u00e3o ainda podem ser processados \u200b\u200blegalmente.<\/p>\n\n\n\n<p><strong>Direito de apresentar queixas \u00e0s autoridades reguladoras<\/strong><\/p>\n\n\n\n<p>Se houve uma viola\u00e7\u00e3o da legisla\u00e7\u00e3o de prote\u00e7\u00e3o de dados, a pessoa afetada pode registrar uma queixa junto \u00e0s autoridades reguladoras competentes. A autoridade reguladora competente para assuntos relacionados \u00e0 legisla\u00e7\u00e3o de prote\u00e7\u00e3o de dados \u00e9 o oficial de prote\u00e7\u00e3o de dados do estado alem\u00e3o no qual nossa empresa est\u00e1 sediada. Uma lista de agentes de prote\u00e7\u00e3o de dados e seus detalhes de contato podem ser encontrados no seguinte link:&nbsp;<a href=\"https:\/\/www.bfdi.bund.de\/DE\/Infothek\/Anschriften_Links\/anschriften_links-node.html\" target=\"_blank\" rel=\"noreferrer noopener\">https:\/\/www.bfdi.bund.de\/DE\/Infothek\/Anschriften_Links\/anschriften_links-node.html<\/a>.<\/p>\n\n\n\n<p><strong>Direito \u00e0 portabilidade de dados<\/strong><\/p>\n\n\n\n<p>Voc\u00ea tem o direito de ter dados que processamos com base no seu consentimento ou no cumprimento de um contrato entregue automaticamente a voc\u00ea ou a terceiros em um formato padr\u00e3o leg\u00edvel por computador. Se voc\u00ea exigir a transfer\u00eancia direta de dados para outra parte respons\u00e1vel, isso s\u00f3 ser\u00e1 feito na medida em que for tecnicamente vi\u00e1vel.<\/p>\n\n\n\n<p><strong>Encripta\u00e7\u00e3o SSL ou TLS<\/strong><\/p>\n\n\n\n<p>Este site usa encripta\u00e7\u00e3o SSL ou TLS por motivos de seguran\u00e7a e para a prote\u00e7\u00e3o da transmiss\u00e3o de conte\u00fado confidencial, como as perguntas que voc\u00ea nos envia como o operador do site. Voc\u00ea pode reconhecer uma conex\u00e3o encriptada na linha de endere\u00e7o do seu navegador quando ela muda de &#8220;http: \/\/&#8221; para &#8220;https: \/\/&#8221; e o \u00edcone de bloqueio \u00e9 exibido na barra de endere\u00e7os do seu navegador.<\/p>\n\n\n\n<p>Se a encripta\u00e7\u00e3o SSL ou TLS estiver ativada, os dados que voc\u00ea transfere para n\u00f3s n\u00e3o podem ser lidos por terceiros.<\/p>\n\n\n\n<p><strong>Pagamentos encriptados neste site<br><\/strong>Se voc\u00ea entrar num contrato que exige que voc\u00ea nos envie as suas informa\u00e7\u00f5es de pagamento (por exemplo, n\u00famero de conta para d\u00e9bitos diretos), solicitaremos esses dados para processar seu pagamento.<\/p>\n\n\n\n<p>As transa\u00e7\u00f5es de pagamento usando meios de pagamento comuns (Visa \/ MasterCard, d\u00e9bito direto) s\u00e3o feitas apenas por meio de conex\u00f5es SSL ou TLS criptografadas. Voc\u00ea pode reconhecer uma conex\u00e3o criptografada na linha de endere\u00e7o do navegador quando ela muda de &#8220;http: \/\/&#8221; para &#8220;https: \/\/&#8221; e o \u00edcone de bloqueio na linha do navegador \u00e9 vis\u00edvel.<\/p>\n\n\n\n<p>No caso de comunica\u00e7\u00e3o criptografada, quaisquer detalhes de pagamento que voc\u00ea enviar para n\u00f3s n\u00e3o poder\u00e3o ser lidos por terceiros.<\/p>\n\n\n\n<p><strong>Informa\u00e7\u00e3o, bloqueio, exclus\u00e3o<\/strong><\/p>\n\n\n\n<p>Conforme permitido por lei, voc\u00ea tem o direito de ser fornecido a qualquer momento com informa\u00e7\u00f5es gratuitas sobre qualquer um dos seus dados pessoais armazenados, bem como sua origem, o destinat\u00e1rio e o prop\u00f3sito para o qual foi processado. Voc\u00ea tamb\u00e9m tem o direito de corrigir, bloquear ou excluir esses dados. Voc\u00ea pode entrar em contato connosco a qualquer momento, usando o endere\u00e7o fornecido no nosso nosso aviso legal, caso tenha mais d\u00favidas sobre o assunto de dados pessoais.<\/p>\n\n\n\n<p><strong>Oposi\u00e7\u00e3o a emails promocionais<\/strong><\/p>\n\n\n\n<p>Pelo presente, proibimos expressamente o uso de dados de contato publicados no contexto dos requisitos de notifica\u00e7\u00e3o legal do site com rela\u00e7\u00e3o ao envio de materiais promocionais e informativos n\u00e3o expressamente solicitados. O operador do site se reserva o direito de tomar medidas legais espec\u00edficas se material de publicidade n\u00e3o solicitado, como spam de e-mail, for recebido.<\/p>\n\n\n\n<h3 class=\"wp-block-heading\"><strong>3. colheita de dados no nosso site<\/strong><\/h3>\n\n\n\n<p><strong>Cookies<\/strong><\/p>\n\n\n\n<p>Algumas de nossas p\u00e1ginas da web usam cookies. Os cookies n\u00e3o danificam o seu computador e n\u00e3o cont\u00eam v\u00edrus. Os cookies ajudam a tornar nosso site mais amig\u00e1vel, eficiente e seguro. Cookies s\u00e3o pequenos arquivos de texto que s\u00e3o armazenados no seu computador e salvos pelo seu navegador.<\/p>\n\n\n\n<p>A maioria dos cookies que usamos s\u00e3o os chamados &#8220;cookies de sess\u00e3o&#8221;. Eles s\u00e3o automaticamente exclu\u00eddos ap\u00f3s sua visita. Outros cookies permanecem na mem\u00f3ria do seu dispositivo at\u00e9 que voc\u00ea os exclua. Esses cookies tornam poss\u00edvel reconhecer seu navegador quando voc\u00ea visitar o site.<\/p>\n\n\n\n<p>Voc\u00ea pode configurar seu navegador para inform\u00e1-lo sobre o uso de cookies para que voc\u00ea possa decidir caso a caso se deseja aceitar ou rejeitar um cookie. Alternativamente, seu navegador pode ser configurado para aceitar automaticamente cookies sob certas condi\u00e7\u00f5es ou para sempre rejeit\u00e1-los, ou para excluir cookies automaticamente ao fechar seu navegador. A desativa\u00e7\u00e3o de cookies pode limitar a funcionalidade deste site.<\/p>\n\n\n\n<p>Os cookies que s\u00e3o necess\u00e1rios para permitir comunica\u00e7\u00f5es eletr\u00f3nicas ou para fornecer certas fun\u00e7\u00f5es que voc\u00ea deseja usar (como o carrinho de compras) s\u00e3o armazenados de acordo com o art. 6 par\u00e1grafo 1, letra f da DSGVO. O operador do site tem um interesse leg\u00edtimo no armazenamento de cookies para garantir um servi\u00e7o otimizado fornecido sem erros t\u00e9cnicos. Se outros cookies (como aqueles usados \u200b\u200bpara analisar seu comportamento de navega\u00e7\u00e3o) tamb\u00e9m forem armazenados, eles ser\u00e3o tratados separadamente nesta pol\u00edtica de privacidade.<\/p>\n\n\n\n<p><strong>Server Log Files<\/strong><\/p>\n\n\n\n<p>O provedor do site coleta e armazena automaticamente as informa\u00e7\u00f5es que o seu navegador nos transmite automaticamente em &#8220;arquivos de registro do servidor&#8221;. Esses s\u00e3o:<\/p>\n\n\n\n<ul class=\"wp-block-list\"><li>Tipo de navegador e vers\u00e3o do navegador<\/li><li>Sistema operacional usado<\/li><li>URL do referenciador<\/li><li>Nome do host do computador de acesso<\/li><li>Hora do pedido do servidor<\/li><li>Endere\u00e7o de IP<\/li><\/ul>\n\n\n\n<p>Esses dados n\u00e3o ser\u00e3o combinados com dados de outras fontes.<\/p>\n\n\n\n<p>A base para o processamento de dados \u00e9 o art. 6 (1) (f) DSGVO, que permite o processamento de dados para cumprir um contrato ou para medidas preliminares a um contrato.<\/p>\n\n\n\n<p><strong>Formul\u00e1rio de Contato<\/strong><\/p>\n\n\n\n<p>Se voc\u00ea nos enviar perguntas por meio do formul\u00e1rio de contato, recolhemos os dados inseridos no formul\u00e1rio, incluindo os detalhes de contato que voc\u00ea fornecer, para responder \u00e0 sua pergunta e a quaisquer outras perguntas de acompanhamento. N\u00f3s n\u00e3o compartilhamos esta informa\u00e7\u00e3o sem a sua permiss\u00e3o.<\/p>\n\n\n\n<p>N\u00f3s, portanto, processaremos todos os dados que voc\u00ea inserir no formul\u00e1rio de contato somente com o seu consentimento, conforme art. 6 (1) (a) DSGVO. Voc\u00ea pode revogar seu consentimento a qualquer momento. Um email informal que faz este pedido \u00e9 suficiente. Os dados processados \u200b\u200bantes de recebermos sua solicita\u00e7\u00e3o ainda podem ser processados \u200b\u200blegalmente.<\/p>\n\n\n\n<p>Manteremos os dados que voc\u00ea fornecer no formul\u00e1rio de contato at\u00e9 que voc\u00ea solicite a exclus\u00e3o dele, cancele o seu consentimento para o armazenamento ou a finalidade do armazenamento n\u00e3o perten\u00e7a mais (por exemplo, ap\u00f3s atender \u00e0 sua solicita\u00e7\u00e3o). Quaisquer disposi\u00e7\u00f5es legais obrigat\u00f3rias, especialmente aquelas relativas a per\u00edodos obrigat\u00f3rios de reten\u00e7\u00e3o de dados, n\u00e3o s\u00e3o afetadas por esta disposi\u00e7\u00e3o.<\/p>\n\n\n\n<p><strong>Inscri\u00e7\u00e3o neste site<\/strong><\/p>\n\n\n\n<p>Voc\u00ea pode cadastrar-se no nosso site para aceder \u00e0s fun\u00e7\u00f5es adicionais oferecidas aqui. Os dados de entrada ser\u00e3o usados apenas com a finalidade de usar o respectivo site ou servi\u00e7o para o qual voc\u00ea se registrou. As informa\u00e7\u00f5es obrigat\u00f3rias solicitadas durante o registro devem ser fornecidas na \u00edntegra. Caso contr\u00e1rio, rejeitaremos seu registo.<\/p>\n\n\n\n<p>Para inform\u00e1-lo sobre altera\u00e7\u00f5es importantes, como aquelas dentro do \u00e2mbito de nosso site ou altera\u00e7\u00f5es t\u00e9cnicas, usaremos o endere\u00e7o de e-mail especificado durante o registro.<\/p>\n\n\n\n<p>N\u00f3s iremos processar os dados fornecidos durante o registro somente com base no seu consentimento por Art. 6 (1) (a) DSGVO. Voc\u00ea pode revogar seu consentimento a qualquer momento com efeito futuro. Um email informal que faz este pedido \u00e9 suficiente. Os dados processados antes de recebermos sua solicita\u00e7\u00e3o ainda podem ser processados legalmente.<\/p>\n\n\n\n<p>Continuaremos a armazenar os dados recolhidos durante o registro enquanto voc\u00ea permanecer registrado no nosso site. Per\u00edodos de reten\u00e7\u00e3o estatut\u00e1rios permanecem inalterados.<\/p>\n\n\n\n<p><strong>Processamento de dados (dados de clientes e contratos)<\/strong><\/p>\n\n\n\n<p>N\u00f3s recolhemos, processamos e usamos dados pessoais apenas na medida em que \u00e9 necess\u00e1rio estabelecer ou modificar rela\u00e7\u00f5es legais connosco (dados do utilizador). Isso \u00e9 feito com base no art. 6 (1) (b) DSGVO, que permite o processamento de dados para cumprir um contrato ou para medidas preliminares a um contrato. N\u00f3s recolhemos, processamos e usamos seus dados pessoais quando acedemos ao nosso site (dados de uso) somente na medida necess\u00e1ria para permitir que voc\u00ea aceda ao nosso servi\u00e7o ou cobrar pelo mesmo.<\/p>\n\n\n\n<p>Os dados recolhidos do cliente devem ser exclu\u00eddos ap\u00f3s o t\u00e9rmino do pedido ou t\u00e9rmino do relacionamento comercial. Os per\u00edodos de reten\u00e7\u00e3o legal n\u00e3o s\u00e3o afetados.<\/p>\n\n\n\n<p><strong>Dados transmitidos ao entrar num contrato com lojas on-line, revenda e vendas por correspond\u00eancia<\/strong><\/p>\n\n\n\n<p>Transmitimos dados de identifica\u00e7\u00e3o pessoal a terceiros apenas na medida necess\u00e1ria para cumprir os termos do seu contrato, por exemplo, para empresas encarregadas de entregar mercadorias no seu local ou bancos encarregados de processar seus pagamentos. Seus dados n\u00e3o ser\u00e3o transmitidos para qualquer outra finalidade, a menos que voc\u00ea tenha dado sua permiss\u00e3o expressa para faz\u00ea-lo. Seus dados n\u00e3o ser\u00e3o divulgados a terceiros para fins de publicidade sem o seu consentimento expresso.<\/p>\n\n\n\n<p>A base para o processamento de dados \u00e9 o art. 6 (1) (b) DSGVO, que permite o processamento de dados para cumprir um contrato ou para medidas preliminares a um contrato.<\/p>\n\n\n\n<p><strong>Dados transferidos ao se inscrever para servi\u00e7os e conte\u00fado digital<\/strong><\/p>\n\n\n\n<p>Transmitimos dados pessoalmente identific\u00e1veis a terceiros apenas na medida necess\u00e1ria para cumprir os termos do seu contrato connosco, por exemplo, com bancos encarregados de processar seus pagamentos.<\/p>\n\n\n\n<p>Os seus dados n\u00e3o ser\u00e3o transmitidos para qualquer outra finalidade, a menos que voc\u00ea tenha dado sua permiss\u00e3o expressa para faz\u00ea-lo. Seus dados n\u00e3o ser\u00e3o divulgados a terceiros para fins de publicidade sem o seu consentimento expresso.<\/p>\n\n\n\n<p>A base para o processamento de dados \u00e9 o art. 6 (1) (b) DSGVO, que permite o processamento de dados para cumprir um contrato ou para medidas preliminares a um contrato.<\/p>\n\n\n\n<h3 class=\"wp-block-heading\"><strong>4. Newsletter<\/strong><\/h3>\n\n\n\n<p><strong>Dados da Newsletter&nbsp;<\/strong><\/p>\n\n\n\n<p>Se voc\u00ea deseja receber a nossa newsletter, solicitamos um endere\u00e7o de e-mail v\u00e1lido, al\u00e9m de informa\u00e7\u00f5es que nos permitam verificar se voc\u00ea \u00e9 o propriet\u00e1rio do endere\u00e7o de e-mail especificado e se concorda em receber este boletim informativo. Nenhum dado adicional \u00e9 recolhido ou \u00e9 recolhido apenas de forma volunt\u00e1ria. S\u00f3 usamos esses dados para enviar as informa\u00e7\u00f5es solicitadas e n\u00e3o as transmitimos a terceiros.<\/p>\n\n\n\n<p>N\u00f3s, portanto, processaremos todos os dados que voc\u00ea inserir no formul\u00e1rio de contato somente com o seu consentimento, conforme art. 6 (1) (a) DSGVO. Voc\u00ea pode revogar o consentimento para o armazenamento dos seus dados e endere\u00e7o de e-mail, bem como o uso deles para enviar o boletim informativo a qualquer momento, por exemplo, atrav\u00e9s do link &#8220;Cancelar Subscri\u00e7\u00e3o&#8221; na newsletter. Os dados processados \u200b\u200bantes de recebermos a sua solicita\u00e7\u00e3o ainda podem ser processados \u200b\u200blegalmente.<\/p>\n\n\n\n<p>Os dados fornecidos ao se registar para a newsletter ser\u00e3o usados \u200b\u200bpara distribuir a newsletter at\u00e9 que voc\u00ea cancele a sua assinatura quando esses dados forem exclu\u00eddos. Os dados que armazenamos para outros fins (por exemplo, endere\u00e7os de e-mail para a \u00e1rea de membros) n\u00e3o s\u00e3o afetados.<\/p>\n\n\n\n<h3 class=\"wp-block-heading\"><strong>5. Plugins e ferramentas<\/strong><\/h3>\n\n\n\n<p><strong>Fontes de texto Google Web<\/strong><\/p>\n\n\n\n<p>Para uma representa\u00e7\u00e3o uniforme de fontes, esta p\u00e1gina usa fontes da Web fornecidas pelo Google. Quando voc\u00ea abre uma p\u00e1gina, o navegador carrega as fontes da Web necess\u00e1rias no cache do navegador para exibir textos e fontes corretamente.<\/p>\n\n\n\n<p>Para isso, o seu navegador precisa estabelecer uma liga\u00e7\u00e3o direta com os servidores do Google. O Google, torna-se assim, ciente de que a nossa p\u00e1gina web foi acedida atrav\u00e9s do seu endere\u00e7o IP. O uso de fontes do Google Web \u00e9 feito no interesse de uma apresenta\u00e7\u00e3o uniforme e atraente do nosso site. Isso constitui um interesse justificado nos termos do art. 6 (1) (f) DSGVO.<\/p>\n\n\n\n<p>Se o seu navegador n\u00e3o suporta fontes da web, uma fonte padr\u00e3o ser\u00e1 usada pelo seu computador.<\/p>\n\n\n\n<p>Mais informa\u00e7\u00f5es sobre o tratamento de dados do usu\u00e1rio podem ser encontradas em&nbsp;<a href=\"https:\/\/developers.google.com\/fonts\/faq\" target=\"_blank\" rel=\"noreferrer noopener\">https:\/\/developers.google.com\/fonts\/faq<\/a>&nbsp;e na pol\u00edtica de privacidade do Google em&nbsp;<a href=\"https:\/\/www.google.com\/policies\/privacy\/\" target=\"_blank\" rel=\"noreferrer noopener\">https:\/\/www.google.com\/policies\/privacy\/<\/a>.<\/p>\n","protected":false},"excerpt":{"rendered":"<p>1. Vis\u00e3o geral da prote\u00e7\u00e3o de dados Seguidamente \u00e9 apresentado um resumo do que acontece com as suas informa\u00e7\u00f5es pessoais quando voc\u00ea visita o nosso site. As Informa\u00e7\u00f5es pessoais s\u00e3o quaisquer dados com os quais voc\u00ea possa ser identificado pessoalmente. Informa\u00e7\u00f5es detalhadas sobre o assunto de prote\u00e7\u00e3o de dados podem ser encontradas na nossa pol\u00edtica [&hellip;]<\/p>\n","protected":false},"author":1,"featured_media":0,"parent":0,"menu_order":0,"comment_status":"closed","ping_status":"closed","template":"","meta":{"ngg_post_thumbnail":0,"footnotes":""},"class_list":["post-2280","page","type-page","status-publish","hentry"],"jetpack_sharing_enabled":true,"_links":{"self":[{"href":"https:\/\/herdade-dos-lagos.de\/pt-pt\/wp-json\/wp\/v2\/pages\/2280","targetHints":{"allow":["GET"]}}],"collection":[{"href":"https:\/\/herdade-dos-lagos.de\/pt-pt\/wp-json\/wp\/v2\/pages"}],"about":[{"href":"https:\/\/herdade-dos-lagos.de\/pt-pt\/wp-json\/wp\/v2\/types\/page"}],"author":[{"embeddable":true,"href":"https:\/\/herdade-dos-lagos.de\/pt-pt\/wp-json\/wp\/v2\/users\/1"}],"replies":[{"embeddable":true,"href":"https:\/\/herdade-dos-lagos.de\/pt-pt\/wp-json\/wp\/v2\/comments?post=2280"}],"version-history":[{"count":2,"href":"https:\/\/herdade-dos-lagos.de\/pt-pt\/wp-json\/wp\/v2\/pages\/2280\/revisions"}],"predecessor-version":[{"id":2362,"href":"https:\/\/herdade-dos-lagos.de\/pt-pt\/wp-json\/wp\/v2\/pages\/2280\/revisions\/2362"}],"wp:attachment":[{"href":"https:\/\/herdade-dos-lagos.de\/pt-pt\/wp-json\/wp\/v2\/media?parent=2280"}],"curies":[{"name":"wp","href":"https:\/\/api.w.org\/{rel}","templated":true}]}}