{"id":2211,"date":"2020-08-13T06:30:35","date_gmt":"2020-08-13T04:30:35","guid":{"rendered":"https:\/\/hdl-portugal.eu\/?page_id=2211"},"modified":"2020-08-13T12:23:27","modified_gmt":"2020-08-13T10:23:27","slug":"vertrieb","status":"publish","type":"page","link":"https:\/\/herdade-dos-lagos.de\/pt-pt\/vertrieb\/","title":{"rendered":"Vendas"},"content":{"rendered":"\n<p>Em Bremen, no norte da Alemanha, temos o nosso escrit\u00f3rio de vendas e armaz\u00e9m. Importamos diretamente de Portugal e temos os nossos produtos em stock para encomenda direta ou recolha.<br\/>A partir da\u00ed organizamos tamb\u00e9m feiras e eventos onde apresentamos os nossos vinhos.<br\/><\/p>\n\n<p>Contacto:<br\/>Herdade dos Lagos GmbH e Co. KG<br\/>O Langenstr. 50<br\/>Bremen 28195<br\/>Alemanha<br\/>Telefone. +49 4792 950185<br\/>Email: info@herdade-dos-lagos.com<br\/><\/p>\n\n<figure class=\"wp-block-gallery columns-3 is-cropped wp-block-gallery-1 is-layout-flex wp-block-gallery-is-layout-flex\"><ul class=\"blocks-gallery-grid\"><li class=\"blocks-gallery-item\"><figure><img data-recalc-dims=\"1\" loading=\"lazy\" decoding=\"async\" width=\"480\" height=\"640\" src=\"https:\/\/i0.wp.com\/hdl-portugal.eu\/wp-content\/uploads\/2020\/08\/DB2896FF-6E0E-4C23-B98B-239D924CDBED-e1597291784392.jpeg?resize=480%2C640&#038;ssl=1\" alt=\"\" data-id=\"2054\" data-full-url=\"https:\/\/hdl-portugal.eu\/wp-content\/uploads\/2020\/08\/DB2896FF-6E0E-4C23-B98B-239D924CDBED-e1597291784392.jpeg\" data-link=\"https:\/\/hdl-portugal.eu\/db2896ff-6e0e-4c23-b98b-239d924cdbed\/\" class=\"wp-image-2054\" srcset=\"https:\/\/i0.wp.com\/herdade-dos-lagos.de\/wp-content\/uploads\/2020\/08\/DB2896FF-6E0E-4C23-B98B-239D924CDBED-e1597291784392.jpeg?w=480&amp;ssl=1 480w, https:\/\/i0.wp.com\/herdade-dos-lagos.de\/wp-content\/uploads\/2020\/08\/DB2896FF-6E0E-4C23-B98B-239D924CDBED-e1597291784392.jpeg?resize=225%2C300&amp;ssl=1 225w\" sizes=\"auto, (max-width: 480px) 100vw, 480px\" \/><\/figure><\/li><li class=\"blocks-gallery-item\"><figure><img data-recalc-dims=\"1\" loading=\"lazy\" decoding=\"async\" width=\"600\" height=\"450\" src=\"https:\/\/i0.wp.com\/hdl-portugal.eu\/wp-content\/uploads\/2020\/08\/EE946A29-4392-4820-8499-F6F7DD12378E.jpeg?resize=600%2C450&#038;ssl=1\" alt=\"\" data-id=\"2048\" data-full-url=\"https:\/\/hdl-portugal.eu\/wp-content\/uploads\/2020\/08\/EE946A29-4392-4820-8499-F6F7DD12378E.jpeg\" data-link=\"https:\/\/hdl-portugal.eu\/ee946a29-4392-4820-8499-f6f7dd12378e\/\" class=\"wp-image-2048\" srcset=\"https:\/\/i0.wp.com\/herdade-dos-lagos.de\/wp-content\/uploads\/2020\/08\/EE946A29-4392-4820-8499-F6F7DD12378E.jpeg?w=640&amp;ssl=1 640w, https:\/\/i0.wp.com\/herdade-dos-lagos.de\/wp-content\/uploads\/2020\/08\/EE946A29-4392-4820-8499-F6F7DD12378E.jpeg?resize=300%2C225&amp;ssl=1 300w, https:\/\/i0.wp.com\/herdade-dos-lagos.de\/wp-content\/uploads\/2020\/08\/EE946A29-4392-4820-8499-F6F7DD12378E.jpeg?resize=508%2C381&amp;ssl=1 508w\" sizes=\"auto, (max-width: 600px) 100vw, 600px\" \/><\/figure><\/li><li class=\"blocks-gallery-item\"><figure><img data-recalc-dims=\"1\" loading=\"lazy\" decoding=\"async\" width=\"600\" height=\"450\" src=\"https:\/\/i0.wp.com\/hdl-portugal.eu\/wp-content\/uploads\/2020\/08\/9C49F147-8F4A-4D71-A701-508773E762BE.jpeg?resize=600%2C450&#038;ssl=1\" alt=\"\" data-id=\"2045\" data-full-url=\"https:\/\/hdl-portugal.eu\/wp-content\/uploads\/2020\/08\/9C49F147-8F4A-4D71-A701-508773E762BE.jpeg\" data-link=\"https:\/\/hdl-portugal.eu\/9c49f147-8f4a-4d71-a701-508773e762be\/\" class=\"wp-image-2045\" srcset=\"https:\/\/i0.wp.com\/herdade-dos-lagos.de\/wp-content\/uploads\/2020\/08\/9C49F147-8F4A-4D71-A701-508773E762BE.jpeg?w=640&amp;ssl=1 640w, https:\/\/i0.wp.com\/herdade-dos-lagos.de\/wp-content\/uploads\/2020\/08\/9C49F147-8F4A-4D71-A701-508773E762BE.jpeg?resize=300%2C225&amp;ssl=1 300w, https:\/\/i0.wp.com\/herdade-dos-lagos.de\/wp-content\/uploads\/2020\/08\/9C49F147-8F4A-4D71-A701-508773E762BE.jpeg?resize=508%2C381&amp;ssl=1 508w\" sizes=\"auto, (max-width: 600px) 100vw, 600px\" \/><\/figure><\/li><li class=\"blocks-gallery-item\"><figure><img data-recalc-dims=\"1\" loading=\"lazy\" decoding=\"async\" width=\"600\" height=\"747\" src=\"https:\/\/i0.wp.com\/hdl-portugal.eu\/wp-content\/uploads\/2020\/08\/HDL-Grande-Reserve-3-Fl-web-klein-823x1024.jpg?resize=600%2C747&#038;ssl=1\" alt=\"\" data-id=\"644\" data-full-url=\"https:\/\/hdl-portugal.eu\/wp-content\/uploads\/2020\/08\/HDL-Grande-Reserve-3-Fl-web-klein.jpg\" data-link=\"https:\/\/hdl-portugal.eu\/hdl-grande-reserve-3-fl-web-klein\/\" class=\"wp-image-644\" srcset=\"https:\/\/i0.wp.com\/herdade-dos-lagos.de\/wp-content\/uploads\/2020\/08\/HDL-Grande-Reserve-3-Fl-web-klein.jpg?resize=823%2C1024&amp;ssl=1 823w, https:\/\/i0.wp.com\/herdade-dos-lagos.de\/wp-content\/uploads\/2020\/08\/HDL-Grande-Reserve-3-Fl-web-klein.jpg?resize=241%2C300&amp;ssl=1 241w, https:\/\/i0.wp.com\/herdade-dos-lagos.de\/wp-content\/uploads\/2020\/08\/HDL-Grande-Reserve-3-Fl-web-klein.jpg?resize=768%2C955&amp;ssl=1 768w, https:\/\/i0.wp.com\/herdade-dos-lagos.de\/wp-content\/uploads\/2020\/08\/HDL-Grande-Reserve-3-Fl-web-klein.jpg?resize=1235%2C1536&amp;ssl=1 1235w, https:\/\/i0.wp.com\/herdade-dos-lagos.de\/wp-content\/uploads\/2020\/08\/HDL-Grande-Reserve-3-Fl-web-klein.jpg?resize=1240%2C1542&amp;ssl=1 1240w, https:\/\/i0.wp.com\/herdade-dos-lagos.de\/wp-content\/uploads\/2020\/08\/HDL-Grande-Reserve-3-Fl-web-klein.jpg?resize=508%2C632&amp;ssl=1 508w, https:\/\/i0.wp.com\/herdade-dos-lagos.de\/wp-content\/uploads\/2020\/08\/HDL-Grande-Reserve-3-Fl-web-klein.jpg?w=1304&amp;ssl=1 1304w\" sizes=\"auto, (max-width: 600px) 100vw, 600px\" \/><\/figure><\/li><li class=\"blocks-gallery-item\"><figure><img data-recalc-dims=\"1\" loading=\"lazy\" decoding=\"async\" width=\"600\" height=\"450\" src=\"https:\/\/i0.wp.com\/hdl-portugal.eu\/wp-content\/uploads\/2019\/06\/IMG_0356-1024x768.jpg?resize=600%2C450&#038;ssl=1\" alt=\"\" data-id=\"45\" data-full-url=\"https:\/\/hdl-portugal.eu\/wp-content\/uploads\/2019\/06\/IMG_0356.jpg\" data-link=\"https:\/\/hdl-portugal.eu\/img_0356\/\" class=\"wp-image-45\" srcset=\"https:\/\/i0.wp.com\/herdade-dos-lagos.de\/wp-content\/uploads\/2019\/06\/IMG_0356.jpg?resize=1024%2C768&amp;ssl=1 1024w, https:\/\/i0.wp.com\/herdade-dos-lagos.de\/wp-content\/uploads\/2019\/06\/IMG_0356.jpg?resize=300%2C225&amp;ssl=1 300w, https:\/\/i0.wp.com\/herdade-dos-lagos.de\/wp-content\/uploads\/2019\/06\/IMG_0356.jpg?resize=768%2C576&amp;ssl=1 768w, https:\/\/i0.wp.com\/herdade-dos-lagos.de\/wp-content\/uploads\/2019\/06\/IMG_0356.jpg?w=1200&amp;ssl=1 1200w, https:\/\/i0.wp.com\/herdade-dos-lagos.de\/wp-content\/uploads\/2019\/06\/IMG_0356.jpg?w=1800&amp;ssl=1 1800w\" sizes=\"auto, (max-width: 600px) 100vw, 600px\" \/><\/figure><\/li><li class=\"blocks-gallery-item\"><figure><img data-recalc-dims=\"1\" loading=\"lazy\" decoding=\"async\" width=\"600\" height=\"450\" src=\"https:\/\/i0.wp.com\/hdl-portugal.eu\/wp-content\/uploads\/2019\/06\/IMG_0638-1024x768.jpg?resize=600%2C450&#038;ssl=1\" alt=\"\" data-id=\"34\" data-full-url=\"https:\/\/hdl-portugal.eu\/wp-content\/uploads\/2019\/06\/IMG_0638.jpg\" data-link=\"https:\/\/hdl-portugal.eu\/img_0638\/\" class=\"wp-image-34\" srcset=\"https:\/\/i0.wp.com\/herdade-dos-lagos.de\/wp-content\/uploads\/2019\/06\/IMG_0638.jpg?resize=1024%2C768&amp;ssl=1 1024w, https:\/\/i0.wp.com\/herdade-dos-lagos.de\/wp-content\/uploads\/2019\/06\/IMG_0638.jpg?resize=300%2C225&amp;ssl=1 300w, https:\/\/i0.wp.com\/herdade-dos-lagos.de\/wp-content\/uploads\/2019\/06\/IMG_0638.jpg?resize=768%2C576&amp;ssl=1 768w, https:\/\/i0.wp.com\/herdade-dos-lagos.de\/wp-content\/uploads\/2019\/06\/IMG_0638.jpg?w=1200&amp;ssl=1 1200w, https:\/\/i0.wp.com\/herdade-dos-lagos.de\/wp-content\/uploads\/2019\/06\/IMG_0638.jpg?w=1800&amp;ssl=1 1800w\" sizes=\"auto, (max-width: 600px) 100vw, 600px\" \/><\/figure><\/li><li class=\"blocks-gallery-item\"><figure><img data-recalc-dims=\"1\" loading=\"lazy\" decoding=\"async\" width=\"600\" height=\"338\" src=\"https:\/\/i0.wp.com\/hdl-portugal.eu\/wp-content\/uploads\/2019\/06\/20160311_144450-1024x576.jpg?resize=600%2C338&#038;ssl=1\" alt=\"\" data-id=\"38\" data-full-url=\"https:\/\/hdl-portugal.eu\/wp-content\/uploads\/2019\/06\/20160311_144450.jpg\" data-link=\"https:\/\/hdl-portugal.eu\/20160311_144450\/\" class=\"wp-image-38\" srcset=\"https:\/\/i0.wp.com\/herdade-dos-lagos.de\/wp-content\/uploads\/2019\/06\/20160311_144450.jpg?resize=1024%2C576&amp;ssl=1 1024w, https:\/\/i0.wp.com\/herdade-dos-lagos.de\/wp-content\/uploads\/2019\/06\/20160311_144450.jpg?resize=300%2C169&amp;ssl=1 300w, https:\/\/i0.wp.com\/herdade-dos-lagos.de\/wp-content\/uploads\/2019\/06\/20160311_144450.jpg?resize=768%2C432&amp;ssl=1 768w, https:\/\/i0.wp.com\/herdade-dos-lagos.de\/wp-content\/uploads\/2019\/06\/20160311_144450.jpg?w=1200&amp;ssl=1 1200w, https:\/\/i0.wp.com\/herdade-dos-lagos.de\/wp-content\/uploads\/2019\/06\/20160311_144450.jpg?w=1800&amp;ssl=1 1800w\" sizes=\"auto, (max-width: 600px) 100vw, 600px\" \/><\/figure><\/li><li class=\"blocks-gallery-item\"><figure><img data-recalc-dims=\"1\" loading=\"lazy\" decoding=\"async\" width=\"600\" height=\"450\" src=\"https:\/\/i0.wp.com\/hdl-portugal.eu\/wp-content\/uploads\/2020\/08\/692D0107-164B-4E08-AC5A-D3A577EA9A87.jpeg?resize=600%2C450&#038;ssl=1\" alt=\"\" data-id=\"2186\" data-full-url=\"https:\/\/hdl-portugal.eu\/wp-content\/uploads\/2020\/08\/692D0107-164B-4E08-AC5A-D3A577EA9A87.jpeg\" data-link=\"https:\/\/hdl-portugal.eu\/692d0107-164b-4e08-ac5a-d3a577ea9a87\/\" class=\"wp-image-2186\" srcset=\"https:\/\/i0.wp.com\/herdade-dos-lagos.de\/wp-content\/uploads\/2020\/08\/692D0107-164B-4E08-AC5A-D3A577EA9A87.jpeg?w=640&amp;ssl=1 640w, https:\/\/i0.wp.com\/herdade-dos-lagos.de\/wp-content\/uploads\/2020\/08\/692D0107-164B-4E08-AC5A-D3A577EA9A87.jpeg?resize=300%2C225&amp;ssl=1 300w, https:\/\/i0.wp.com\/herdade-dos-lagos.de\/wp-content\/uploads\/2020\/08\/692D0107-164B-4E08-AC5A-D3A577EA9A87.jpeg?resize=508%2C381&amp;ssl=1 508w\" sizes=\"auto, (max-width: 600px) 100vw, 600px\" \/><\/figure><\/li><\/ul><\/figure>","protected":false},"excerpt":{"rendered":"<p>Em Bremen, no norte da Alemanha, temos o nosso escrit\u00f3rio de vendas e armaz\u00e9m. Importamos diretamente de Portugal e temos os nossos produtos em stock para encomenda direta ou recolha.A partir da\u00ed organizamos tamb\u00e9m feiras e eventos onde apresentamos os nossos vinhos. Contacto:Herdade dos Lagos GmbH e Co. KGO Langenstr. 50Bremen 28195AlemanhaTelefone. +49 4792 950185Email: [&hellip;]<\/p>\n","protected":false},"author":1,"featured_media":2191,"parent":0,"menu_order":0,"comment_status":"closed","ping_status":"closed","template":"","meta":{"ngg_post_thumbnail":0,"footnotes":""},"class_list":["post-2211","page","type-page","status-publish","has-post-thumbnail","hentry"],"jetpack_sharing_enabled":true,"_links":{"self":[{"href":"https:\/\/herdade-dos-lagos.de\/pt-pt\/wp-json\/wp\/v2\/pages\/2211","targetHints":{"allow":["GET"]}}],"collection":[{"href":"https:\/\/herdade-dos-lagos.de\/pt-pt\/wp-json\/wp\/v2\/pages"}],"about":[{"href":"https:\/\/herdade-dos-lagos.de\/pt-pt\/wp-json\/wp\/v2\/types\/page"}],"author":[{"embeddable":true,"href":"https:\/\/herdade-dos-lagos.de\/pt-pt\/wp-json\/wp\/v2\/users\/1"}],"replies":[{"embeddable":true,"href":"https:\/\/herdade-dos-lagos.de\/pt-pt\/wp-json\/wp\/v2\/comments?post=2211"}],"version-history":[{"count":7,"href":"https:\/\/herdade-dos-lagos.de\/pt-pt\/wp-json\/wp\/v2\/pages\/2211\/revisions"}],"predecessor-version":[{"id":2263,"href":"https:\/\/herdade-dos-lagos.de\/pt-pt\/wp-json\/wp\/v2\/pages\/2211\/revisions\/2263"}],"wp:featuredmedia":[{"embeddable":true,"href":"https:\/\/herdade-dos-lagos.de\/pt-pt\/wp-json\/wp\/v2\/media\/2191"}],"wp:attachment":[{"href":"https:\/\/herdade-dos-lagos.de\/pt-pt\/wp-json\/wp\/v2\/media?parent=2211"}],"curies":[{"name":"wp","href":"https:\/\/api.w.org\/{rel}","templated":true}]}}