{"id":1772,"date":"2020-08-12T15:58:32","date_gmt":"2020-08-12T13:58:32","guid":{"rendered":"https:\/\/hdl-portugal.eu\/mais-do-que-organico\/"},"modified":"2024-03-11T17:12:20","modified_gmt":"2024-03-11T16:12:20","slug":"mais-do-que-organico","status":"publish","type":"page","link":"https:\/\/herdade-dos-lagos.de\/pt-pt\/mais-do-que-organico\/","title":{"rendered":"Mais do que Biol\u00f3gico"},"content":{"rendered":"\n<p>Os 1000 hectares da Herdade dos Lagos, em Vale de Camelos s\u00e3o completamente Biol\u00f3gicos. A agricultura biol\u00f3gica constitui a base de todo o nosso m\u00e9todo de trabalho agr\u00edcola &#8211; mas vamos muito al\u00e9m disso.<br>Aplicamos princ\u00edpios b\u00e1sicos da permacultura e de agricultura regenerativa para manter a \u00e1gua no solo, como promover a diversidade cultural e o aumento biodiversidade, florestar vastas \u00e1reas com esp\u00e9cies aut\u00f3ctones, proteger a natureza e a avifauna atrav\u00e9s das reservas naturais da nossa Herdade, criar reservat\u00f3rios e operar uma gest\u00e3o sustent\u00e1vel da energia solar.  <br>Mais informa\u00e7\u00f5es sobre os pontos individuais podem ser consultadas aqui:<\/p>\n\n\n\n<p><\/p>\n\n\n\n<div class=\"wp-block-cover aligncenter is-light is-position-center-center\" style=\"min-height:264px;aspect-ratio:unset;\"><span aria-hidden=\"true\" class=\"wp-block-cover__background has-background-dim-20 has-background-dim\"><\/span><img data-recalc-dims=\"1\" loading=\"lazy\" decoding=\"async\" width=\"600\" height=\"401\" class=\"wp-block-cover__image-background wp-image-1405\" src=\"https:\/\/i0.wp.com\/hdl-portugal.eu\/wp-content\/uploads\/2020\/08\/11-Bluete-Weinbergreihe-scaled.jpg?resize=600%2C401&#038;ssl=1\" style=\"object-position:40% 26%\" data-object-fit=\"cover\" data-object-position=\"40% 26%\" srcset=\"https:\/\/i0.wp.com\/herdade-dos-lagos.de\/wp-content\/uploads\/2020\/08\/11-Bluete-Weinbergreihe-scaled.jpg?w=2560&amp;ssl=1 2560w, https:\/\/i0.wp.com\/herdade-dos-lagos.de\/wp-content\/uploads\/2020\/08\/11-Bluete-Weinbergreihe-scaled.jpg?resize=300%2C200&amp;ssl=1 300w, https:\/\/i0.wp.com\/herdade-dos-lagos.de\/wp-content\/uploads\/2020\/08\/11-Bluete-Weinbergreihe-scaled.jpg?resize=1024%2C684&amp;ssl=1 1024w, https:\/\/i0.wp.com\/herdade-dos-lagos.de\/wp-content\/uploads\/2020\/08\/11-Bluete-Weinbergreihe-scaled.jpg?resize=768%2C513&amp;ssl=1 768w, https:\/\/i0.wp.com\/herdade-dos-lagos.de\/wp-content\/uploads\/2020\/08\/11-Bluete-Weinbergreihe-scaled.jpg?resize=1536%2C1025&amp;ssl=1 1536w, https:\/\/i0.wp.com\/herdade-dos-lagos.de\/wp-content\/uploads\/2020\/08\/11-Bluete-Weinbergreihe-scaled.jpg?resize=2048%2C1367&amp;ssl=1 2048w, https:\/\/i0.wp.com\/herdade-dos-lagos.de\/wp-content\/uploads\/2020\/08\/11-Bluete-Weinbergreihe-scaled.jpg?resize=1240%2C828&amp;ssl=1 1240w, https:\/\/i0.wp.com\/herdade-dos-lagos.de\/wp-content\/uploads\/2020\/08\/11-Bluete-Weinbergreihe-scaled.jpg?resize=508%2C339&amp;ssl=1 508w, https:\/\/i0.wp.com\/herdade-dos-lagos.de\/wp-content\/uploads\/2020\/08\/11-Bluete-Weinbergreihe-scaled.jpg?w=1800&amp;ssl=1 1800w\" sizes=\"auto, (max-width: 600px) 100vw, 600px\" \/><div class=\"wp-block-cover__inner-container is-layout-flow wp-block-cover-is-layout-flow\">\n<p class=\"has-text-align-center has-text-color\" style=\"color:#fffffa;font-size:30px;line-height:1.1\"><a href=\"https:\/\/hdl-portugal.eu\/bioanbau\/\" data-type=\"page\" data-id=\"72\">Agricultura biol\u00f3gica<\/a><\/p>\n<\/div><\/div>\n\n\n\n<div class=\"wp-block-cover aligncenter is-light is-position-center-center\" style=\"min-height:274px;aspect-ratio:unset;\"><span aria-hidden=\"true\" class=\"wp-block-cover__background has-background-dim-20 has-background-dim\"><\/span><img data-recalc-dims=\"1\" loading=\"lazy\" decoding=\"async\" width=\"600\" height=\"450\" class=\"wp-block-cover__image-background wp-image-1940\" src=\"https:\/\/i0.wp.com\/hdl-portugal.eu\/wp-content\/uploads\/2020\/08\/BD9069E7-E02A-4103-AD99-67C00F1838FE.jpeg?resize=600%2C450&#038;ssl=1\" style=\"object-position:40% 26%\" data-object-fit=\"cover\" data-object-position=\"40% 26%\" srcset=\"https:\/\/i0.wp.com\/herdade-dos-lagos.de\/wp-content\/uploads\/2020\/08\/BD9069E7-E02A-4103-AD99-67C00F1838FE.jpeg?w=640&amp;ssl=1 640w, https:\/\/i0.wp.com\/herdade-dos-lagos.de\/wp-content\/uploads\/2020\/08\/BD9069E7-E02A-4103-AD99-67C00F1838FE.jpeg?resize=300%2C225&amp;ssl=1 300w, https:\/\/i0.wp.com\/herdade-dos-lagos.de\/wp-content\/uploads\/2020\/08\/BD9069E7-E02A-4103-AD99-67C00F1838FE.jpeg?resize=508%2C381&amp;ssl=1 508w\" sizes=\"auto, (max-width: 600px) 100vw, 600px\" \/><div class=\"wp-block-cover__inner-container is-layout-flow wp-block-cover-is-layout-flow\">\n<p class=\"has-text-align-center has-text-color\" style=\"color:#fffffa;font-size:30px;line-height:1.1\"><a href=\"https:\/\/hdl-portugal.eu\/biodiversitaet\/\" data-type=\"page\" data-id=\"134\">Biodiversidade<\/a><\/p>\n<\/div><\/div>\n\n\n\n<div class=\"wp-block-cover aligncenter is-light is-position-center-center\" style=\"min-height:274px;aspect-ratio:unset;\"><span aria-hidden=\"true\" class=\"wp-block-cover__background has-background-dim-20 has-background-dim\"><\/span><img data-recalc-dims=\"1\" loading=\"lazy\" decoding=\"async\" width=\"600\" height=\"401\" class=\"wp-block-cover__image-background wp-image-547\" src=\"https:\/\/i0.wp.com\/herdade-dos-lagos.de\/wp-content\/uploads\/2020\/03\/14-Blumenwiese-und-Solar-scaled.jpg?resize=600%2C401&#038;ssl=1\" style=\"object-position:40% 26%\" data-object-fit=\"cover\" data-object-position=\"40% 26%\" srcset=\"https:\/\/i0.wp.com\/herdade-dos-lagos.de\/wp-content\/uploads\/2020\/03\/14-Blumenwiese-und-Solar-scaled.jpg?w=2560&amp;ssl=1 2560w, https:\/\/i0.wp.com\/herdade-dos-lagos.de\/wp-content\/uploads\/2020\/03\/14-Blumenwiese-und-Solar-scaled.jpg?resize=300%2C200&amp;ssl=1 300w, https:\/\/i0.wp.com\/herdade-dos-lagos.de\/wp-content\/uploads\/2020\/03\/14-Blumenwiese-und-Solar-scaled.jpg?resize=1024%2C684&amp;ssl=1 1024w, https:\/\/i0.wp.com\/herdade-dos-lagos.de\/wp-content\/uploads\/2020\/03\/14-Blumenwiese-und-Solar-scaled.jpg?resize=768%2C513&amp;ssl=1 768w, https:\/\/i0.wp.com\/herdade-dos-lagos.de\/wp-content\/uploads\/2020\/03\/14-Blumenwiese-und-Solar-scaled.jpg?resize=1536%2C1025&amp;ssl=1 1536w, https:\/\/i0.wp.com\/herdade-dos-lagos.de\/wp-content\/uploads\/2020\/03\/14-Blumenwiese-und-Solar-scaled.jpg?resize=2048%2C1367&amp;ssl=1 2048w, https:\/\/i0.wp.com\/herdade-dos-lagos.de\/wp-content\/uploads\/2020\/03\/14-Blumenwiese-und-Solar-scaled.jpg?resize=1240%2C828&amp;ssl=1 1240w, https:\/\/i0.wp.com\/herdade-dos-lagos.de\/wp-content\/uploads\/2020\/03\/14-Blumenwiese-und-Solar-scaled.jpg?resize=508%2C339&amp;ssl=1 508w, https:\/\/i0.wp.com\/herdade-dos-lagos.de\/wp-content\/uploads\/2020\/03\/14-Blumenwiese-und-Solar-scaled.jpg?w=1800&amp;ssl=1 1800w\" sizes=\"auto, (max-width: 600px) 100vw, 600px\" \/><div class=\"wp-block-cover__inner-container is-layout-flow wp-block-cover-is-layout-flow\">\n<p class=\"has-text-align-center has-text-color\" style=\"color:#fffffa;font-size:30px;line-height:1.1\"><a href=\"https:\/\/herdade-dos-lagos.de\/pt-pt\/energia-solar\/\" data-type=\"page\" data-id=\"92\">Energia solar<\/a><\/p>\n<\/div><\/div>\n\n\n\n<div class=\"wp-block-cover aligncenter is-light is-position-center-center\" style=\"min-height:274px;aspect-ratio:unset;\"><span aria-hidden=\"true\" class=\"wp-block-cover__background has-background-dim-20 has-background-dim\"><\/span><img data-recalc-dims=\"1\" loading=\"lazy\" decoding=\"async\" width=\"600\" height=\"450\" class=\"wp-block-cover__image-background wp-image-2057\" src=\"https:\/\/i0.wp.com\/herdade-dos-lagos.de\/wp-content\/uploads\/2020\/08\/C9AB9191-BF9E-4530-8FC3-744D32B784C9.jpeg?resize=600%2C450&#038;ssl=1\" style=\"object-position:40% 26%\" data-object-fit=\"cover\" data-object-position=\"40% 26%\" srcset=\"https:\/\/i0.wp.com\/herdade-dos-lagos.de\/wp-content\/uploads\/2020\/08\/C9AB9191-BF9E-4530-8FC3-744D32B784C9.jpeg?w=640&amp;ssl=1 640w, https:\/\/i0.wp.com\/herdade-dos-lagos.de\/wp-content\/uploads\/2020\/08\/C9AB9191-BF9E-4530-8FC3-744D32B784C9.jpeg?resize=300%2C225&amp;ssl=1 300w, https:\/\/i0.wp.com\/herdade-dos-lagos.de\/wp-content\/uploads\/2020\/08\/C9AB9191-BF9E-4530-8FC3-744D32B784C9.jpeg?resize=508%2C381&amp;ssl=1 508w\" sizes=\"auto, (max-width: 600px) 100vw, 600px\" \/><div class=\"wp-block-cover__inner-container is-layout-flow wp-block-cover-is-layout-flow\">\n<p class=\"has-text-align-center has-text-color\" style=\"color:#fffffa;font-size:30px;line-height:1.1\"><a href=\"https:\/\/herdade-dos-lagos.de\/pt-pt\/conservacao-da-natureza\/\" data-type=\"page\" data-id=\"73\">Conserva\u00e7\u00e3o da natureza<\/a><\/p>\n<\/div><\/div>\n\n\n\n<div class=\"wp-block-cover aligncenter is-light is-position-center-center\" style=\"min-height:274px;aspect-ratio:unset;\"><span aria-hidden=\"true\" class=\"wp-block-cover__background has-background-dim-20 has-background-dim\"><\/span><img data-recalc-dims=\"1\" loading=\"lazy\" decoding=\"async\" width=\"600\" height=\"234\" class=\"wp-block-cover__image-background wp-image-2096\" src=\"https:\/\/i0.wp.com\/herdade-dos-lagos.de\/wp-content\/uploads\/2020\/08\/71B27015-7451-435A-B600-9C3BB8579DFC.jpeg?resize=600%2C234&#038;ssl=1\" style=\"object-position:40% 26%\" data-object-fit=\"cover\" data-object-position=\"40% 26%\" srcset=\"https:\/\/i0.wp.com\/herdade-dos-lagos.de\/wp-content\/uploads\/2020\/08\/71B27015-7451-435A-B600-9C3BB8579DFC.jpeg?w=632&amp;ssl=1 632w, https:\/\/i0.wp.com\/herdade-dos-lagos.de\/wp-content\/uploads\/2020\/08\/71B27015-7451-435A-B600-9C3BB8579DFC.jpeg?resize=300%2C117&amp;ssl=1 300w, https:\/\/i0.wp.com\/herdade-dos-lagos.de\/wp-content\/uploads\/2020\/08\/71B27015-7451-435A-B600-9C3BB8579DFC.jpeg?resize=508%2C198&amp;ssl=1 508w\" sizes=\"auto, (max-width: 600px) 100vw, 600px\" \/><div class=\"wp-block-cover__inner-container is-layout-flow wp-block-cover-is-layout-flow\">\n<p class=\"has-text-align-center has-text-color\" style=\"color:#fffffa;font-size:30px;line-height:1.1\"><a href=\"https:\/\/herdade-dos-lagos.de\/pt-pt\/agua\/\" data-type=\"page\" data-id=\"88\">\u00c1gua<\/a><\/p>\n<\/div><\/div>\n\n\n\n<div class=\"wp-block-cover aligncenter is-light is-position-center-center\" style=\"min-height:274px;aspect-ratio:unset;\"><span aria-hidden=\"true\" class=\"wp-block-cover__background has-background-dim-20 has-background-dim\"><\/span><img data-recalc-dims=\"1\" loading=\"lazy\" decoding=\"async\" width=\"600\" height=\"401\" class=\"wp-block-cover__image-background wp-image-1420\" src=\"https:\/\/i0.wp.com\/herdade-dos-lagos.de\/wp-content\/uploads\/2020\/08\/16-Olivenbaum-und-Bluete-scaled.jpg?resize=600%2C401&#038;ssl=1\" style=\"object-position:40% 26%\" data-object-fit=\"cover\" data-object-position=\"40% 26%\" srcset=\"https:\/\/i0.wp.com\/herdade-dos-lagos.de\/wp-content\/uploads\/2020\/08\/16-Olivenbaum-und-Bluete-scaled.jpg?w=2560&amp;ssl=1 2560w, https:\/\/i0.wp.com\/herdade-dos-lagos.de\/wp-content\/uploads\/2020\/08\/16-Olivenbaum-und-Bluete-scaled.jpg?resize=300%2C200&amp;ssl=1 300w, https:\/\/i0.wp.com\/herdade-dos-lagos.de\/wp-content\/uploads\/2020\/08\/16-Olivenbaum-und-Bluete-scaled.jpg?resize=1024%2C684&amp;ssl=1 1024w, https:\/\/i0.wp.com\/herdade-dos-lagos.de\/wp-content\/uploads\/2020\/08\/16-Olivenbaum-und-Bluete-scaled.jpg?resize=768%2C513&amp;ssl=1 768w, https:\/\/i0.wp.com\/herdade-dos-lagos.de\/wp-content\/uploads\/2020\/08\/16-Olivenbaum-und-Bluete-scaled.jpg?resize=1536%2C1025&amp;ssl=1 1536w, https:\/\/i0.wp.com\/herdade-dos-lagos.de\/wp-content\/uploads\/2020\/08\/16-Olivenbaum-und-Bluete-scaled.jpg?resize=2048%2C1367&amp;ssl=1 2048w, https:\/\/i0.wp.com\/herdade-dos-lagos.de\/wp-content\/uploads\/2020\/08\/16-Olivenbaum-und-Bluete-scaled.jpg?resize=1240%2C828&amp;ssl=1 1240w, https:\/\/i0.wp.com\/herdade-dos-lagos.de\/wp-content\/uploads\/2020\/08\/16-Olivenbaum-und-Bluete-scaled.jpg?resize=508%2C339&amp;ssl=1 508w, https:\/\/i0.wp.com\/herdade-dos-lagos.de\/wp-content\/uploads\/2020\/08\/16-Olivenbaum-und-Bluete-scaled.jpg?w=1800&amp;ssl=1 1800w\" sizes=\"auto, (max-width: 600px) 100vw, 600px\" \/><div class=\"wp-block-cover__inner-container is-layout-flow wp-block-cover-is-layout-flow\">\n<p class=\"has-text-align-center has-text-color\" style=\"color:#fffffa;font-size:30px;line-height:1.1\"><a href=\"https:\/\/herdade-dos-lagos.de\/pt-pt\/permacultura\/\" data-type=\"page\" data-id=\"69\">Permacultura<\/a><\/p>\n<\/div><\/div>\n\n\n\n<div class=\"wp-block-cover aligncenter is-light is-position-center-center\" style=\"min-height:274px;aspect-ratio:unset;\"><span aria-hidden=\"true\" class=\"wp-block-cover__background has-background-dim-20 has-background-dim\"><\/span><img data-recalc-dims=\"1\" loading=\"lazy\" decoding=\"async\" width=\"600\" height=\"403\" class=\"wp-block-cover__image-background wp-image-485\" src=\"https:\/\/i0.wp.com\/herdade-dos-lagos.de\/wp-content\/uploads\/2020\/03\/DSC_0188-scaled.jpg?resize=600%2C403&#038;ssl=1\" style=\"object-position:40% 26%\" data-object-fit=\"cover\" data-object-position=\"40% 26%\" srcset=\"https:\/\/i0.wp.com\/herdade-dos-lagos.de\/wp-content\/uploads\/2020\/03\/DSC_0188-scaled.jpg?w=2560&amp;ssl=1 2560w, https:\/\/i0.wp.com\/herdade-dos-lagos.de\/wp-content\/uploads\/2020\/03\/DSC_0188-scaled.jpg?resize=300%2C201&amp;ssl=1 300w, https:\/\/i0.wp.com\/herdade-dos-lagos.de\/wp-content\/uploads\/2020\/03\/DSC_0188-scaled.jpg?resize=1024%2C687&amp;ssl=1 1024w, https:\/\/i0.wp.com\/herdade-dos-lagos.de\/wp-content\/uploads\/2020\/03\/DSC_0188-scaled.jpg?resize=768%2C516&amp;ssl=1 768w, https:\/\/i0.wp.com\/herdade-dos-lagos.de\/wp-content\/uploads\/2020\/03\/DSC_0188-scaled.jpg?resize=1536%2C1031&amp;ssl=1 1536w, https:\/\/i0.wp.com\/herdade-dos-lagos.de\/wp-content\/uploads\/2020\/03\/DSC_0188-scaled.jpg?resize=2048%2C1375&amp;ssl=1 2048w, https:\/\/i0.wp.com\/herdade-dos-lagos.de\/wp-content\/uploads\/2020\/03\/DSC_0188-scaled.jpg?resize=1240%2C832&amp;ssl=1 1240w, https:\/\/i0.wp.com\/herdade-dos-lagos.de\/wp-content\/uploads\/2020\/03\/DSC_0188-scaled.jpg?resize=508%2C341&amp;ssl=1 508w, https:\/\/i0.wp.com\/herdade-dos-lagos.de\/wp-content\/uploads\/2020\/03\/DSC_0188-scaled.jpg?w=1800&amp;ssl=1 1800w\" sizes=\"auto, (max-width: 600px) 100vw, 600px\" \/><div class=\"wp-block-cover__inner-container is-layout-flow wp-block-cover-is-layout-flow\">\n<p class=\"has-text-align-center has-text-color\" style=\"color:#fffffa;font-size:30px;line-height:1.1\"><a href=\"https:\/\/herdade-dos-lagos.de\/pt-pt\/santuario-de-aves\/\" data-type=\"page\" data-id=\"95\">Santu\u00e1rio de aves<\/a><\/p>\n<\/div><\/div>\n\n\n\n<div class=\"wp-block-cover aligncenter is-light is-position-center-center\" style=\"min-height:274px;aspect-ratio:unset;\"><span aria-hidden=\"true\" class=\"wp-block-cover__background has-background-dim-20 has-background-dim\"><\/span><img data-recalc-dims=\"1\" loading=\"lazy\" decoding=\"async\" width=\"600\" height=\"401\" class=\"wp-block-cover__image-background wp-image-556\" src=\"https:\/\/i0.wp.com\/herdade-dos-lagos.de\/wp-content\/uploads\/2020\/03\/DSC_1957-scaled.jpg?resize=600%2C401&#038;ssl=1\" style=\"object-position:40% 26%\" data-object-fit=\"cover\" data-object-position=\"40% 26%\" srcset=\"https:\/\/i0.wp.com\/herdade-dos-lagos.de\/wp-content\/uploads\/2020\/03\/DSC_1957-scaled.jpg?w=2560&amp;ssl=1 2560w, https:\/\/i0.wp.com\/herdade-dos-lagos.de\/wp-content\/uploads\/2020\/03\/DSC_1957-scaled.jpg?resize=300%2C200&amp;ssl=1 300w, https:\/\/i0.wp.com\/herdade-dos-lagos.de\/wp-content\/uploads\/2020\/03\/DSC_1957-scaled.jpg?resize=1024%2C684&amp;ssl=1 1024w, https:\/\/i0.wp.com\/herdade-dos-lagos.de\/wp-content\/uploads\/2020\/03\/DSC_1957-scaled.jpg?resize=768%2C513&amp;ssl=1 768w, https:\/\/i0.wp.com\/herdade-dos-lagos.de\/wp-content\/uploads\/2020\/03\/DSC_1957-scaled.jpg?resize=1536%2C1025&amp;ssl=1 1536w, https:\/\/i0.wp.com\/herdade-dos-lagos.de\/wp-content\/uploads\/2020\/03\/DSC_1957-scaled.jpg?resize=2048%2C1367&amp;ssl=1 2048w, https:\/\/i0.wp.com\/herdade-dos-lagos.de\/wp-content\/uploads\/2020\/03\/DSC_1957-scaled.jpg?resize=1240%2C828&amp;ssl=1 1240w, https:\/\/i0.wp.com\/herdade-dos-lagos.de\/wp-content\/uploads\/2020\/03\/DSC_1957-scaled.jpg?resize=508%2C339&amp;ssl=1 508w, https:\/\/i0.wp.com\/herdade-dos-lagos.de\/wp-content\/uploads\/2020\/03\/DSC_1957-scaled.jpg?w=1800&amp;ssl=1 1800w\" sizes=\"auto, (max-width: 600px) 100vw, 600px\" \/><div class=\"wp-block-cover__inner-container is-layout-flow wp-block-cover-is-layout-flow\">\n<p class=\"has-text-align-center has-text-color\" style=\"color:#fffffa;font-size:30px;line-height:1.1\"><a href=\"https:\/\/herdade-dos-lagos.de\/pt-pt\/delinat\/\" data-type=\"page\" data-id=\"71\">Delinat<\/a><\/p>\n<\/div><\/div>\n\n\n\n<div class=\"wp-block-group\"><div class=\"wp-block-group__inner-container is-layout-flow wp-block-group-is-layout-flow\">\n<div class=\"wp-block-columns is-layout-flex wp-container-core-columns-is-layout-9d6595d7 wp-block-columns-is-layout-flex\">\n<div class=\"wp-block-column is-layout-flow wp-block-column-is-layout-flow\"><\/div>\n\n\n\n<div class=\"wp-block-column is-layout-flow wp-block-column-is-layout-flow\">\n<p><\/p>\n<\/div>\n<\/div>\n\n\n\n<p><\/p>\n<\/div><\/div>\n","protected":false},"excerpt":{"rendered":"<p>Os 1000 hectares da Herdade dos Lagos, em Vale de Camelos s\u00e3o completamente Biol\u00f3gicos. A agricultura biol\u00f3gica constitui a base de todo o nosso m\u00e9todo de trabalho agr\u00edcola &#8211; mas vamos muito al\u00e9m disso.Aplicamos princ\u00edpios b\u00e1sicos da permacultura e de agricultura regenerativa para manter a \u00e1gua no solo, como promover a diversidade cultural e o [&hellip;]<\/p>\n","protected":false},"author":1,"featured_media":0,"parent":0,"menu_order":0,"comment_status":"closed","ping_status":"closed","template":"","meta":{"ngg_post_thumbnail":0,"footnotes":""},"class_list":["post-1772","page","type-page","status-publish","hentry"],"jetpack_sharing_enabled":true,"_links":{"self":[{"href":"https:\/\/herdade-dos-lagos.de\/pt-pt\/wp-json\/wp\/v2\/pages\/1772","targetHints":{"allow":["GET"]}}],"collection":[{"href":"https:\/\/herdade-dos-lagos.de\/pt-pt\/wp-json\/wp\/v2\/pages"}],"about":[{"href":"https:\/\/herdade-dos-lagos.de\/pt-pt\/wp-json\/wp\/v2\/types\/page"}],"author":[{"embeddable":true,"href":"https:\/\/herdade-dos-lagos.de\/pt-pt\/wp-json\/wp\/v2\/users\/1"}],"replies":[{"embeddable":true,"href":"https:\/\/herdade-dos-lagos.de\/pt-pt\/wp-json\/wp\/v2\/comments?post=1772"}],"version-history":[{"count":10,"href":"https:\/\/herdade-dos-lagos.de\/pt-pt\/wp-json\/wp\/v2\/pages\/1772\/revisions"}],"predecessor-version":[{"id":3642,"href":"https:\/\/herdade-dos-lagos.de\/pt-pt\/wp-json\/wp\/v2\/pages\/1772\/revisions\/3642"}],"wp:attachment":[{"href":"https:\/\/herdade-dos-lagos.de\/pt-pt\/wp-json\/wp\/v2\/media?parent=1772"}],"curies":[{"name":"wp","href":"https:\/\/api.w.org\/{rel}","templated":true}]}}