{"id":1762,"date":"2020-08-12T15:57:53","date_gmt":"2020-08-12T13:57:53","guid":{"rendered":"https:\/\/hdl-portugal.eu\/contacto\/"},"modified":"2024-03-13T15:07:43","modified_gmt":"2024-03-13T14:07:43","slug":"contacto","status":"publish","type":"page","link":"https:\/\/herdade-dos-lagos.de\/pt-pt\/contacto\/","title":{"rendered":"Contacto"},"content":{"rendered":"\n<p><strong>HERDADE DOS LAGOS em Portugal<\/strong><\/p>\n\n\n\n<p>Vale de A\u00e7or de Cima &#8211; Cx. Postal 43<br>PT-7750-056 \u00a0 M\u00e9rtola &#8211; Alentejo<br>Tel: +351 286 991 145<br>Email: <a href=\"mailto:farm@herdade-dos-lagos.com\">farm@herdade-dos-lagos.com<\/a><\/p>\n\n\n\n<p>Google maps: <a href=\"https:\/\/maps.app.goo.gl\/WVF38V5X4zsZzEzV9\">https:\/\/maps.app.goo.gl\/WVF38V5X4zsZzEzV9<\/a><\/p>\n\n\n\n<p><strong>Importa\u00e7\u00e3o e distribui\u00e7\u00e3o diretas<\/strong><br>O nosso escrit\u00f3rio de vendas em Bremen ficar\u00e1 feliz em cuidar de si.<br>Aqui tamb\u00e9m pode encomendar os nossos produtos diretamente.<\/p>\n\n\n\n<p><strong>HERDADE DOS LAGOS na Alemanha<\/strong> <\/p>\n\n\n\n<p>HERDADE DOS LAGOS GmbH &amp; Co. KG<br>O Langenstr. 50<br>D 28195 Bremen<\/p>\n\n\n\n<p>Telefone:+49 4792 950185<br>E-mail:&nbsp;<a href=\"mailto:info@herdade-dos-lagos.com\">info@herdade-dos-lagos.com <br> <\/a> Loja Online:&nbsp;<a href=\"https:\/\/hdl.farm\/\" target=\"_blank\" rel=\"noreferrer noopener\">hdl.farm<\/a><\/p>\n","protected":false},"excerpt":{"rendered":"<p>HERDADE DOS LAGOS em Portugal Vale de A\u00e7or de Cima &#8211; Cx. Postal 43PT-7750-056 \u00a0 M\u00e9rtola &#8211; AlentejoTel: +351 286 991 145Email: farm@herdade-dos-lagos.com Google maps: https:\/\/maps.app.goo.gl\/WVF38V5X4zsZzEzV9 Importa\u00e7\u00e3o e distribui\u00e7\u00e3o diretasO nosso escrit\u00f3rio de vendas em Bremen ficar\u00e1 feliz em cuidar de si.Aqui tamb\u00e9m pode encomendar os nossos produtos diretamente. HERDADE DOS LAGOS na Alemanha HERDADE [&hellip;]<\/p>\n","protected":false},"author":1,"featured_media":0,"parent":0,"menu_order":0,"comment_status":"closed","ping_status":"closed","template":"","meta":{"ngg_post_thumbnail":0,"footnotes":""},"class_list":["post-1762","page","type-page","status-publish","hentry"],"jetpack_sharing_enabled":true,"_links":{"self":[{"href":"https:\/\/herdade-dos-lagos.de\/pt-pt\/wp-json\/wp\/v2\/pages\/1762","targetHints":{"allow":["GET"]}}],"collection":[{"href":"https:\/\/herdade-dos-lagos.de\/pt-pt\/wp-json\/wp\/v2\/pages"}],"about":[{"href":"https:\/\/herdade-dos-lagos.de\/pt-pt\/wp-json\/wp\/v2\/types\/page"}],"author":[{"embeddable":true,"href":"https:\/\/herdade-dos-lagos.de\/pt-pt\/wp-json\/wp\/v2\/users\/1"}],"replies":[{"embeddable":true,"href":"https:\/\/herdade-dos-lagos.de\/pt-pt\/wp-json\/wp\/v2\/comments?post=1762"}],"version-history":[{"count":4,"href":"https:\/\/herdade-dos-lagos.de\/pt-pt\/wp-json\/wp\/v2\/pages\/1762\/revisions"}],"predecessor-version":[{"id":3662,"href":"https:\/\/herdade-dos-lagos.de\/pt-pt\/wp-json\/wp\/v2\/pages\/1762\/revisions\/3662"}],"wp:attachment":[{"href":"https:\/\/herdade-dos-lagos.de\/pt-pt\/wp-json\/wp\/v2\/media?parent=1762"}],"curies":[{"name":"wp","href":"https:\/\/api.w.org\/{rel}","templated":true}]}}