{"id":1755,"date":"2020-08-12T15:57:27","date_gmt":"2020-08-12T13:57:27","guid":{"rendered":"https:\/\/hdl-portugal.eu\/vinhos-hdl\/"},"modified":"2021-12-01T19:48:30","modified_gmt":"2021-12-01T18:48:30","slug":"vinhos-hdl","status":"publish","type":"page","link":"https:\/\/herdade-dos-lagos.de\/pt-pt\/vinhos-hdl\/","title":{"rendered":"Vinhos HDL"},"content":{"rendered":"\n<p>A Vitivinicultura em Portugal caracteriza-se por uma imensa variedade de castas aut\u00f3ctones e m\u00e9todos de vinifica\u00e7\u00e3o e envelhecimento que se caracterizam h\u00e1 s\u00e9culos e que h\u00e1 muito foram esquecidos noutros lugares.<\/p>\n\n\n\n<p>Em cerca de 30 hectares da Herdade dos Lagos, s\u00e3o cultivadas as castas vermelhas Syrah, Aragonez, Touriga Nacional e Alicante Bouschet. Como castas brancas plant\u00e1mos Alvarinho e Arinto (castas portuguesas aut\u00f3ctones).<br>Na primavera de 2019, plant\u00e1mos as castas portuguesas Tinta Caiada, viosinho e arinto e o internacional Petite Syrah.<br>Al\u00e9m disso, foi criada um campo ampelogr\u00e1fico com um grande n\u00famero de castas portuguesas por forma a estudar a adaptabilidades de diversas castas portuguesas ao nosso terroir.<\/p>\n\n\n\n<p>A diferencia\u00e7\u00e3o dos vinhos de qualidade posterior come\u00e7a na vinha. Desta forma, \u00e9 feita uma distin\u00e7\u00e3o n\u00e3o s\u00f3 pela casta, mas tamb\u00e9m por locais, de forma a criar as melhores condi\u00e7\u00f5es para os diferentes m\u00e9todos de vinifica\u00e7\u00e3o e envelhecimento.<\/p>\n\n\n\n<figure class=\"wp-block-gallery columns-2 is-cropped wp-block-gallery-1 is-layout-flex wp-block-gallery-is-layout-flex\"><ul class=\"blocks-gallery-grid\"><li class=\"blocks-gallery-item\"><figure><img data-recalc-dims=\"1\" loading=\"lazy\" decoding=\"async\" width=\"600\" height=\"401\" src=\"https:\/\/i0.wp.com\/hdl-portugal.eu\/wp-content\/uploads\/2020\/08\/10-Weinberg-Bluete-Detail-1024x684.jpg?resize=600%2C401&#038;ssl=1\" alt=\"\" data-id=\"1402\" data-full-url=\"https:\/\/hdl-portugal.eu\/wp-content\/uploads\/2020\/08\/10-Weinberg-Bluete-Detail-scaled.jpg\" data-link=\"https:\/\/hdl-portugal.eu\/10-weinberg-bluete-detail-2\/\" class=\"wp-image-1402\" srcset=\"https:\/\/i0.wp.com\/herdade-dos-lagos.de\/wp-content\/uploads\/2020\/08\/10-Weinberg-Bluete-Detail-scaled.jpg?resize=1024%2C684&amp;ssl=1 1024w, https:\/\/i0.wp.com\/herdade-dos-lagos.de\/wp-content\/uploads\/2020\/08\/10-Weinberg-Bluete-Detail-scaled.jpg?resize=300%2C200&amp;ssl=1 300w, https:\/\/i0.wp.com\/herdade-dos-lagos.de\/wp-content\/uploads\/2020\/08\/10-Weinberg-Bluete-Detail-scaled.jpg?resize=768%2C513&amp;ssl=1 768w, https:\/\/i0.wp.com\/herdade-dos-lagos.de\/wp-content\/uploads\/2020\/08\/10-Weinberg-Bluete-Detail-scaled.jpg?resize=1536%2C1025&amp;ssl=1 1536w, https:\/\/i0.wp.com\/herdade-dos-lagos.de\/wp-content\/uploads\/2020\/08\/10-Weinberg-Bluete-Detail-scaled.jpg?resize=2048%2C1367&amp;ssl=1 2048w, https:\/\/i0.wp.com\/herdade-dos-lagos.de\/wp-content\/uploads\/2020\/08\/10-Weinberg-Bluete-Detail-scaled.jpg?resize=1240%2C828&amp;ssl=1 1240w, https:\/\/i0.wp.com\/herdade-dos-lagos.de\/wp-content\/uploads\/2020\/08\/10-Weinberg-Bluete-Detail-scaled.jpg?resize=508%2C339&amp;ssl=1 508w, https:\/\/i0.wp.com\/herdade-dos-lagos.de\/wp-content\/uploads\/2020\/08\/10-Weinberg-Bluete-Detail-scaled.jpg?w=1800&amp;ssl=1 1800w\" sizes=\"auto, (max-width: 600px) 100vw, 600px\" \/><figcaption class=\"blocks-gallery-item__caption\">Sementeira entre fileiras de vinhas<\/figcaption><\/figure><\/li><li class=\"blocks-gallery-item\"><figure><img data-recalc-dims=\"1\" loading=\"lazy\" decoding=\"async\" width=\"600\" height=\"401\" src=\"https:\/\/i0.wp.com\/hdl-portugal.eu\/wp-content\/uploads\/2020\/08\/5-Aussaat-Weinberg-und-See-1024x684.jpg?resize=600%2C401&#038;ssl=1\" alt=\"\" data-id=\"1384\" data-full-url=\"https:\/\/hdl-portugal.eu\/wp-content\/uploads\/2020\/08\/5-Aussaat-Weinberg-und-See-scaled.jpg\" data-link=\"https:\/\/hdl-portugal.eu\/5-aussaat-weinberg-und-see-3\/\" class=\"wp-image-1384\" srcset=\"https:\/\/i0.wp.com\/herdade-dos-lagos.de\/wp-content\/uploads\/2020\/08\/5-Aussaat-Weinberg-und-See-scaled.jpg?resize=1024%2C684&amp;ssl=1 1024w, https:\/\/i0.wp.com\/herdade-dos-lagos.de\/wp-content\/uploads\/2020\/08\/5-Aussaat-Weinberg-und-See-scaled.jpg?resize=300%2C200&amp;ssl=1 300w, https:\/\/i0.wp.com\/herdade-dos-lagos.de\/wp-content\/uploads\/2020\/08\/5-Aussaat-Weinberg-und-See-scaled.jpg?resize=768%2C513&amp;ssl=1 768w, https:\/\/i0.wp.com\/herdade-dos-lagos.de\/wp-content\/uploads\/2020\/08\/5-Aussaat-Weinberg-und-See-scaled.jpg?resize=1536%2C1025&amp;ssl=1 1536w, https:\/\/i0.wp.com\/herdade-dos-lagos.de\/wp-content\/uploads\/2020\/08\/5-Aussaat-Weinberg-und-See-scaled.jpg?resize=2048%2C1367&amp;ssl=1 2048w, https:\/\/i0.wp.com\/herdade-dos-lagos.de\/wp-content\/uploads\/2020\/08\/5-Aussaat-Weinberg-und-See-scaled.jpg?resize=1240%2C828&amp;ssl=1 1240w, https:\/\/i0.wp.com\/herdade-dos-lagos.de\/wp-content\/uploads\/2020\/08\/5-Aussaat-Weinberg-und-See-scaled.jpg?resize=508%2C339&amp;ssl=1 508w, https:\/\/i0.wp.com\/herdade-dos-lagos.de\/wp-content\/uploads\/2020\/08\/5-Aussaat-Weinberg-und-See-scaled.jpg?w=1800&amp;ssl=1 1800w\" sizes=\"auto, (max-width: 600px) 100vw, 600px\" \/><figcaption class=\"blocks-gallery-item__caption\">Vinha junto ao lago<\/figcaption><\/figure><\/li><li class=\"blocks-gallery-item\"><figure><img data-recalc-dims=\"1\" loading=\"lazy\" decoding=\"async\" width=\"600\" height=\"401\" src=\"https:\/\/i0.wp.com\/hdl-portugal.eu\/wp-content\/uploads\/2020\/08\/DNN_9318-1024x685.jpg?resize=600%2C401&#038;ssl=1\" alt=\"\" data-id=\"1321\" data-full-url=\"https:\/\/hdl-portugal.eu\/wp-content\/uploads\/2020\/08\/DNN_9318-scaled.jpg\" data-link=\"https:\/\/hdl-portugal.eu\/dnn_9318-2\/\" class=\"wp-image-1321\" srcset=\"https:\/\/i0.wp.com\/herdade-dos-lagos.de\/wp-content\/uploads\/2020\/08\/DNN_9318-scaled.jpg?resize=1024%2C685&amp;ssl=1 1024w, https:\/\/i0.wp.com\/herdade-dos-lagos.de\/wp-content\/uploads\/2020\/08\/DNN_9318-scaled.jpg?resize=300%2C201&amp;ssl=1 300w, https:\/\/i0.wp.com\/herdade-dos-lagos.de\/wp-content\/uploads\/2020\/08\/DNN_9318-scaled.jpg?resize=768%2C514&amp;ssl=1 768w, https:\/\/i0.wp.com\/herdade-dos-lagos.de\/wp-content\/uploads\/2020\/08\/DNN_9318-scaled.jpg?resize=1536%2C1028&amp;ssl=1 1536w, https:\/\/i0.wp.com\/herdade-dos-lagos.de\/wp-content\/uploads\/2020\/08\/DNN_9318-scaled.jpg?resize=2048%2C1371&amp;ssl=1 2048w, https:\/\/i0.wp.com\/herdade-dos-lagos.de\/wp-content\/uploads\/2020\/08\/DNN_9318-scaled.jpg?resize=1240%2C830&amp;ssl=1 1240w, https:\/\/i0.wp.com\/herdade-dos-lagos.de\/wp-content\/uploads\/2020\/08\/DNN_9318-scaled.jpg?resize=508%2C340&amp;ssl=1 508w, https:\/\/i0.wp.com\/herdade-dos-lagos.de\/wp-content\/uploads\/2020\/08\/DNN_9318-scaled.jpg?w=1800&amp;ssl=1 1800w\" sizes=\"auto, (max-width: 600px) 100vw, 600px\" \/><figcaption class=\"blocks-gallery-item__caption\">Na primavera<\/figcaption><\/figure><\/li><li class=\"blocks-gallery-item\"><figure><img data-recalc-dims=\"1\" loading=\"lazy\" decoding=\"async\" width=\"600\" height=\"401\" src=\"https:\/\/i0.wp.com\/hdl-portugal.eu\/wp-content\/uploads\/2020\/03\/DSC_2088-1024x684.jpg?resize=600%2C401&#038;ssl=1\" alt=\"\" data-id=\"570\" data-full-url=\"https:\/\/hdl-portugal.eu\/wp-content\/uploads\/2020\/03\/DSC_2088-scaled.jpg\" data-link=\"https:\/\/hdl-portugal.eu\/dsc_2088\/\" class=\"wp-image-570\" srcset=\"https:\/\/i0.wp.com\/herdade-dos-lagos.de\/wp-content\/uploads\/2020\/03\/DSC_2088-scaled.jpg?resize=1024%2C684&amp;ssl=1 1024w, https:\/\/i0.wp.com\/herdade-dos-lagos.de\/wp-content\/uploads\/2020\/03\/DSC_2088-scaled.jpg?resize=300%2C200&amp;ssl=1 300w, https:\/\/i0.wp.com\/herdade-dos-lagos.de\/wp-content\/uploads\/2020\/03\/DSC_2088-scaled.jpg?resize=768%2C513&amp;ssl=1 768w, https:\/\/i0.wp.com\/herdade-dos-lagos.de\/wp-content\/uploads\/2020\/03\/DSC_2088-scaled.jpg?resize=1536%2C1025&amp;ssl=1 1536w, https:\/\/i0.wp.com\/herdade-dos-lagos.de\/wp-content\/uploads\/2020\/03\/DSC_2088-scaled.jpg?resize=2048%2C1367&amp;ssl=1 2048w, https:\/\/i0.wp.com\/herdade-dos-lagos.de\/wp-content\/uploads\/2020\/03\/DSC_2088-scaled.jpg?resize=1240%2C828&amp;ssl=1 1240w, https:\/\/i0.wp.com\/herdade-dos-lagos.de\/wp-content\/uploads\/2020\/03\/DSC_2088-scaled.jpg?resize=508%2C339&amp;ssl=1 508w, https:\/\/i0.wp.com\/herdade-dos-lagos.de\/wp-content\/uploads\/2020\/03\/DSC_2088-scaled.jpg?w=1800&amp;ssl=1 1800w\" sizes=\"auto, (max-width: 600px) 100vw, 600px\" \/><figcaption class=\"blocks-gallery-item__caption\">Colheita noturna para uvas frescas e frescas<\/figcaption><\/figure><\/li><li class=\"blocks-gallery-item\"><figure><img data-recalc-dims=\"1\" loading=\"lazy\" decoding=\"async\" width=\"600\" height=\"450\" src=\"https:\/\/i0.wp.com\/hdl-portugal.eu\/wp-content\/uploads\/2020\/08\/0D4799AE-2668-488F-8457-50B53439B5FC.jpeg?resize=600%2C450&#038;ssl=1\" alt=\"\" data-id=\"2111\" data-full-url=\"https:\/\/hdl-portugal.eu\/wp-content\/uploads\/2020\/08\/0D4799AE-2668-488F-8457-50B53439B5FC.jpeg\" data-link=\"https:\/\/hdl-portugal.eu\/0d4799ae-2668-488f-8457-50b53439b5fc\/\" class=\"wp-image-2111\" srcset=\"https:\/\/i0.wp.com\/herdade-dos-lagos.de\/wp-content\/uploads\/2020\/08\/0D4799AE-2668-488F-8457-50B53439B5FC.jpeg?w=640&amp;ssl=1 640w, https:\/\/i0.wp.com\/herdade-dos-lagos.de\/wp-content\/uploads\/2020\/08\/0D4799AE-2668-488F-8457-50B53439B5FC.jpeg?resize=300%2C225&amp;ssl=1 300w, https:\/\/i0.wp.com\/herdade-dos-lagos.de\/wp-content\/uploads\/2020\/08\/0D4799AE-2668-488F-8457-50B53439B5FC.jpeg?resize=508%2C381&amp;ssl=1 508w\" sizes=\"auto, (max-width: 600px) 100vw, 600px\" \/><figcaption class=\"blocks-gallery-item__caption\">Adega &#8211; Energeticamente eficiente reabilitada<\/figcaption><\/figure><\/li><li class=\"blocks-gallery-item\"><figure><img data-recalc-dims=\"1\" loading=\"lazy\" decoding=\"async\" width=\"600\" height=\"898\" src=\"https:\/\/i0.wp.com\/hdl-portugal.eu\/wp-content\/uploads\/2020\/03\/DSC_2103-684x1024.jpg?resize=600%2C898&#038;ssl=1\" alt=\"\" data-id=\"565\" data-full-url=\"https:\/\/hdl-portugal.eu\/wp-content\/uploads\/2020\/03\/DSC_2103-scaled.jpg\" data-link=\"https:\/\/hdl-portugal.eu\/dsc_2103\/\" class=\"wp-image-565\" srcset=\"https:\/\/i0.wp.com\/herdade-dos-lagos.de\/wp-content\/uploads\/2020\/03\/DSC_2103-scaled.jpg?resize=684%2C1024&amp;ssl=1 684w, https:\/\/i0.wp.com\/herdade-dos-lagos.de\/wp-content\/uploads\/2020\/03\/DSC_2103-scaled.jpg?resize=200%2C300&amp;ssl=1 200w, https:\/\/i0.wp.com\/herdade-dos-lagos.de\/wp-content\/uploads\/2020\/03\/DSC_2103-scaled.jpg?resize=768%2C1150&amp;ssl=1 768w, https:\/\/i0.wp.com\/herdade-dos-lagos.de\/wp-content\/uploads\/2020\/03\/DSC_2103-scaled.jpg?resize=1025%2C1536&amp;ssl=1 1025w, https:\/\/i0.wp.com\/herdade-dos-lagos.de\/wp-content\/uploads\/2020\/03\/DSC_2103-scaled.jpg?resize=1367%2C2048&amp;ssl=1 1367w, https:\/\/i0.wp.com\/herdade-dos-lagos.de\/wp-content\/uploads\/2020\/03\/DSC_2103-scaled.jpg?resize=1240%2C1858&amp;ssl=1 1240w, https:\/\/i0.wp.com\/herdade-dos-lagos.de\/wp-content\/uploads\/2020\/03\/DSC_2103-scaled.jpg?resize=508%2C761&amp;ssl=1 508w, https:\/\/i0.wp.com\/herdade-dos-lagos.de\/wp-content\/uploads\/2020\/03\/DSC_2103-scaled.jpg?w=1709&amp;ssl=1 1709w\" sizes=\"auto, (max-width: 600px) 100vw, 600px\" \/><figcaption class=\"blocks-gallery-item__caption\">Enologia  <\/figcaption><\/figure><\/li><li class=\"blocks-gallery-item\"><figure><img data-recalc-dims=\"1\" loading=\"lazy\" decoding=\"async\" width=\"600\" height=\"401\" src=\"https:\/\/i0.wp.com\/hdl-portugal.eu\/wp-content\/uploads\/2020\/03\/DSC_2075-1024x684.jpg?resize=600%2C401&#038;ssl=1\" alt=\"\" data-id=\"569\" data-full-url=\"https:\/\/hdl-portugal.eu\/wp-content\/uploads\/2020\/03\/DSC_2075-scaled.jpg\" data-link=\"https:\/\/hdl-portugal.eu\/dsc_2075\/\" class=\"wp-image-569\" srcset=\"https:\/\/i0.wp.com\/herdade-dos-lagos.de\/wp-content\/uploads\/2020\/03\/DSC_2075-scaled.jpg?resize=1024%2C684&amp;ssl=1 1024w, https:\/\/i0.wp.com\/herdade-dos-lagos.de\/wp-content\/uploads\/2020\/03\/DSC_2075-scaled.jpg?resize=300%2C200&amp;ssl=1 300w, https:\/\/i0.wp.com\/herdade-dos-lagos.de\/wp-content\/uploads\/2020\/03\/DSC_2075-scaled.jpg?resize=768%2C513&amp;ssl=1 768w, https:\/\/i0.wp.com\/herdade-dos-lagos.de\/wp-content\/uploads\/2020\/03\/DSC_2075-scaled.jpg?resize=1536%2C1025&amp;ssl=1 1536w, https:\/\/i0.wp.com\/herdade-dos-lagos.de\/wp-content\/uploads\/2020\/03\/DSC_2075-scaled.jpg?resize=2048%2C1367&amp;ssl=1 2048w, https:\/\/i0.wp.com\/herdade-dos-lagos.de\/wp-content\/uploads\/2020\/03\/DSC_2075-scaled.jpg?resize=1240%2C828&amp;ssl=1 1240w, https:\/\/i0.wp.com\/herdade-dos-lagos.de\/wp-content\/uploads\/2020\/03\/DSC_2075-scaled.jpg?resize=508%2C339&amp;ssl=1 508w, https:\/\/i0.wp.com\/herdade-dos-lagos.de\/wp-content\/uploads\/2020\/03\/DSC_2075-scaled.jpg?w=1800&amp;ssl=1 1800w\" sizes=\"auto, (max-width: 600px) 100vw, 600px\" \/><figcaption class=\"blocks-gallery-item__caption\">Escolhido a m\u00e3o \u00e0 noite<\/figcaption><\/figure><\/li><li class=\"blocks-gallery-item\"><figure><img data-recalc-dims=\"1\" loading=\"lazy\" decoding=\"async\" width=\"600\" height=\"450\" src=\"https:\/\/i0.wp.com\/hdl-portugal.eu\/wp-content\/uploads\/2020\/08\/F2048AC5-9BFF-44FC-8F36-253FD6D72A64.jpeg?resize=600%2C450&#038;ssl=1\" alt=\"\" data-id=\"2078\" data-full-url=\"https:\/\/hdl-portugal.eu\/wp-content\/uploads\/2020\/08\/F2048AC5-9BFF-44FC-8F36-253FD6D72A64.jpeg\" data-link=\"https:\/\/hdl-portugal.eu\/f2048ac5-9bff-44fc-8f36-253fd6d72a64\/\" class=\"wp-image-2078\" srcset=\"https:\/\/i0.wp.com\/herdade-dos-lagos.de\/wp-content\/uploads\/2020\/08\/F2048AC5-9BFF-44FC-8F36-253FD6D72A64.jpeg?w=640&amp;ssl=1 640w, https:\/\/i0.wp.com\/herdade-dos-lagos.de\/wp-content\/uploads\/2020\/08\/F2048AC5-9BFF-44FC-8F36-253FD6D72A64.jpeg?resize=300%2C225&amp;ssl=1 300w, https:\/\/i0.wp.com\/herdade-dos-lagos.de\/wp-content\/uploads\/2020\/08\/F2048AC5-9BFF-44FC-8F36-253FD6D72A64.jpeg?resize=508%2C381&amp;ssl=1 508w\" sizes=\"auto, (max-width: 600px) 100vw, 600px\" \/><figcaption class=\"blocks-gallery-item__caption\">Vinha nova<\/figcaption><\/figure><\/li><li class=\"blocks-gallery-item\"><figure><img data-recalc-dims=\"1\" loading=\"lazy\" decoding=\"async\" width=\"600\" height=\"800\" src=\"https:\/\/i0.wp.com\/hdl-portugal.eu\/wp-content\/uploads\/2020\/08\/IMG_20180420_105449-768x1024.jpg?resize=600%2C800&#038;ssl=1\" alt=\"\" data-id=\"2331\" data-full-url=\"https:\/\/hdl-portugal.eu\/wp-content\/uploads\/2020\/08\/IMG_20180420_105449-scaled.jpg\" data-link=\"https:\/\/hdl-portugal.eu\/bty-5\/\" class=\"wp-image-2331\" srcset=\"https:\/\/i0.wp.com\/herdade-dos-lagos.de\/wp-content\/uploads\/2020\/08\/IMG_20180420_105449-scaled.jpg?resize=768%2C1024&amp;ssl=1 768w, https:\/\/i0.wp.com\/herdade-dos-lagos.de\/wp-content\/uploads\/2020\/08\/IMG_20180420_105449-scaled.jpg?resize=225%2C300&amp;ssl=1 225w, https:\/\/i0.wp.com\/herdade-dos-lagos.de\/wp-content\/uploads\/2020\/08\/IMG_20180420_105449-scaled.jpg?resize=1152%2C1536&amp;ssl=1 1152w, https:\/\/i0.wp.com\/herdade-dos-lagos.de\/wp-content\/uploads\/2020\/08\/IMG_20180420_105449-scaled.jpg?resize=1536%2C2048&amp;ssl=1 1536w, https:\/\/i0.wp.com\/herdade-dos-lagos.de\/wp-content\/uploads\/2020\/08\/IMG_20180420_105449-scaled.jpg?resize=1240%2C1653&amp;ssl=1 1240w, https:\/\/i0.wp.com\/herdade-dos-lagos.de\/wp-content\/uploads\/2020\/08\/IMG_20180420_105449-scaled.jpg?resize=508%2C677&amp;ssl=1 508w, https:\/\/i0.wp.com\/herdade-dos-lagos.de\/wp-content\/uploads\/2020\/08\/IMG_20180420_105449-scaled.jpg?w=1920&amp;ssl=1 1920w, https:\/\/i0.wp.com\/herdade-dos-lagos.de\/wp-content\/uploads\/2020\/08\/IMG_20180420_105449-scaled.jpg?w=1800&amp;ssl=1 1800w\" sizes=\"auto, (max-width: 600px) 100vw, 600px\" \/><figcaption class=\"blocks-gallery-item__caption\">Primeira primavera na nova vinha<\/figcaption><\/figure><\/li><li class=\"blocks-gallery-item\"><figure><img data-recalc-dims=\"1\" loading=\"lazy\" decoding=\"async\" width=\"600\" height=\"401\" src=\"https:\/\/i0.wp.com\/hdl-portugal.eu\/wp-content\/uploads\/2019\/06\/26-Weine-im-Barriqueregal-1024x684.jpg?resize=600%2C401&#038;ssl=1\" alt=\"\" data-id=\"143\" data-full-url=\"https:\/\/hdl-portugal.eu\/wp-content\/uploads\/2019\/06\/26-Weine-im-Barriqueregal.jpg\" data-link=\"https:\/\/hdl-portugal.eu\/26-weine-im-barriqueregal\/\" class=\"wp-image-143\" srcset=\"https:\/\/i0.wp.com\/herdade-dos-lagos.de\/wp-content\/uploads\/2019\/06\/26-Weine-im-Barriqueregal.jpg?resize=1024%2C684&amp;ssl=1 1024w, https:\/\/i0.wp.com\/herdade-dos-lagos.de\/wp-content\/uploads\/2019\/06\/26-Weine-im-Barriqueregal.jpg?resize=300%2C200&amp;ssl=1 300w, https:\/\/i0.wp.com\/herdade-dos-lagos.de\/wp-content\/uploads\/2019\/06\/26-Weine-im-Barriqueregal.jpg?resize=768%2C513&amp;ssl=1 768w, https:\/\/i0.wp.com\/herdade-dos-lagos.de\/wp-content\/uploads\/2019\/06\/26-Weine-im-Barriqueregal.jpg?resize=1240%2C828&amp;ssl=1 1240w, https:\/\/i0.wp.com\/herdade-dos-lagos.de\/wp-content\/uploads\/2019\/06\/26-Weine-im-Barriqueregal.jpg?resize=508%2C339&amp;ssl=1 508w, https:\/\/i0.wp.com\/herdade-dos-lagos.de\/wp-content\/uploads\/2019\/06\/26-Weine-im-Barriqueregal.jpg?w=1800&amp;ssl=1 1800w\" sizes=\"auto, (max-width: 600px) 100vw, 600px\" \/><figcaption class=\"blocks-gallery-item__caption\">Os vinhos<\/figcaption><\/figure><\/li><\/ul><\/figure>\n\n\n\n<p>Mais informa\u00e7\u00f5es sobre os vinhos individuais podem ser consultadas aqui:<\/p>\n\n\n\n<div class=\"wp-block-cover aligncenter has-background-dim-20 has-background-dim is-position-center-center\" style=\"min-height:375px;aspect-ratio:unset;\"><img data-recalc-dims=\"1\" loading=\"lazy\" decoding=\"async\" width=\"600\" height=\"407\" class=\"wp-block-cover__image-background wp-image-643\" alt=\"\" src=\"https:\/\/i0.wp.com\/hdl-portugal.eu\/wp-content\/uploads\/2020\/08\/HDL-Grande-Reserva-close-up.jpg?resize=600%2C407&#038;ssl=1\" style=\"object-position:40% 26%\" data-object-fit=\"cover\" data-object-position=\"40% 26%\" srcset=\"https:\/\/i0.wp.com\/herdade-dos-lagos.de\/wp-content\/uploads\/2020\/08\/HDL-Grande-Reserva-close-up.jpg?w=1718&amp;ssl=1 1718w, https:\/\/i0.wp.com\/herdade-dos-lagos.de\/wp-content\/uploads\/2020\/08\/HDL-Grande-Reserva-close-up.jpg?resize=300%2C203&amp;ssl=1 300w, https:\/\/i0.wp.com\/herdade-dos-lagos.de\/wp-content\/uploads\/2020\/08\/HDL-Grande-Reserva-close-up.jpg?resize=1024%2C694&amp;ssl=1 1024w, https:\/\/i0.wp.com\/herdade-dos-lagos.de\/wp-content\/uploads\/2020\/08\/HDL-Grande-Reserva-close-up.jpg?resize=768%2C520&amp;ssl=1 768w, https:\/\/i0.wp.com\/herdade-dos-lagos.de\/wp-content\/uploads\/2020\/08\/HDL-Grande-Reserva-close-up.jpg?resize=1536%2C1041&amp;ssl=1 1536w, https:\/\/i0.wp.com\/herdade-dos-lagos.de\/wp-content\/uploads\/2020\/08\/HDL-Grande-Reserva-close-up.jpg?resize=1240%2C840&amp;ssl=1 1240w, https:\/\/i0.wp.com\/herdade-dos-lagos.de\/wp-content\/uploads\/2020\/08\/HDL-Grande-Reserva-close-up.jpg?resize=508%2C344&amp;ssl=1 508w\" sizes=\"auto, (max-width: 600px) 100vw, 600px\" \/><div class=\"wp-block-cover__inner-container is-layout-flow wp-block-cover-is-layout-flow\">\n<p class=\"has-text-align-center has-text-color\" style=\"color:#fffffa;font-size:74px;line-height:1.1\"><a rel=\"noreferrer noopener\" href=\"https:\/\/hdl.farm\/\" target=\"_blank\">Loja<\/a><\/p>\n<\/div><\/div>\n\n\n\n<p><\/p>\n","protected":false},"excerpt":{"rendered":"<p>A Vitivinicultura em Portugal caracteriza-se por uma imensa variedade de castas aut\u00f3ctones e m\u00e9todos de vinifica\u00e7\u00e3o e envelhecimento que se caracterizam h\u00e1 s\u00e9culos e que h\u00e1 muito foram esquecidos noutros lugares. Em cerca de 30 hectares da Herdade dos Lagos, s\u00e3o cultivadas as castas vermelhas Syrah, Aragonez, Touriga Nacional e Alicante Bouschet. Como castas brancas [&hellip;]<\/p>\n","protected":false},"author":1,"featured_media":1083,"parent":0,"menu_order":0,"comment_status":"closed","ping_status":"closed","template":"","meta":{"ngg_post_thumbnail":0,"footnotes":""},"class_list":["post-1755","page","type-page","status-publish","has-post-thumbnail","hentry"],"jetpack_sharing_enabled":true,"_links":{"self":[{"href":"https:\/\/herdade-dos-lagos.de\/pt-pt\/wp-json\/wp\/v2\/pages\/1755","targetHints":{"allow":["GET"]}}],"collection":[{"href":"https:\/\/herdade-dos-lagos.de\/pt-pt\/wp-json\/wp\/v2\/pages"}],"about":[{"href":"https:\/\/herdade-dos-lagos.de\/pt-pt\/wp-json\/wp\/v2\/types\/page"}],"author":[{"embeddable":true,"href":"https:\/\/herdade-dos-lagos.de\/pt-pt\/wp-json\/wp\/v2\/users\/1"}],"replies":[{"embeddable":true,"href":"https:\/\/herdade-dos-lagos.de\/pt-pt\/wp-json\/wp\/v2\/comments?post=1755"}],"version-history":[{"count":5,"href":"https:\/\/herdade-dos-lagos.de\/pt-pt\/wp-json\/wp\/v2\/pages\/1755\/revisions"}],"predecessor-version":[{"id":3320,"href":"https:\/\/herdade-dos-lagos.de\/pt-pt\/wp-json\/wp\/v2\/pages\/1755\/revisions\/3320"}],"wp:featuredmedia":[{"embeddable":true,"href":"https:\/\/herdade-dos-lagos.de\/pt-pt\/wp-json\/wp\/v2\/media\/1083"}],"wp:attachment":[{"href":"https:\/\/herdade-dos-lagos.de\/pt-pt\/wp-json\/wp\/v2\/media?parent=1755"}],"curies":[{"name":"wp","href":"https:\/\/api.w.org\/{rel}","templated":true}]}}