{"id":1734,"date":"2020-08-12T15:55:54","date_gmt":"2020-08-12T13:55:54","guid":{"rendered":"https:\/\/hdl-portugal.eu\/delinat\/"},"modified":"2020-08-17T16:33:43","modified_gmt":"2020-08-17T14:33:43","slug":"delinat","status":"publish","type":"page","link":"https:\/\/herdade-dos-lagos.de\/pt-pt\/delinat\/","title":{"rendered":"Delinat"},"content":{"rendered":"\n<p>A Delinat \u00e9 pioneiro em vinhos biol\u00f3gicos de alta qualidade e tem sido o nosso parceiro de confian\u00e7a h\u00e1 10 anos. A forma\u00e7\u00e3o regular, as visitas a viagens de enoturismo e, por \u00faltimo, mas n\u00e3o menos importante, os bio-controlos mais rigorosos da Europa que a Delinat realiza anualmente connosco, conduziram a uma coopera\u00e7\u00e3o estreita ao longo dos anos. <br><\/p>\n\n\n\n<p><\/p>\n\n\n\n<p>Saiba mais sobre as diretrizes da Delinat com que trabalhamos:<br><\/p>\n\n\n\n<p><a href=\"https:\/\/www.delinat.com\/richtlinien.html\">https:\/\/www.delinat.com\/richtlinien.html<\/a><\/p>\n\n\n\nngg_shortcode_0_placeholder\n","protected":false},"excerpt":{"rendered":"<p>A Delinat \u00e9 pioneiro em vinhos biol\u00f3gicos de alta qualidade e tem sido o nosso parceiro de confian\u00e7a h\u00e1 10 anos. A forma\u00e7\u00e3o regular, as visitas a viagens de enoturismo e, por \u00faltimo, mas n\u00e3o menos importante, os bio-controlos mais rigorosos da Europa que a Delinat realiza anualmente connosco, conduziram a uma coopera\u00e7\u00e3o estreita ao [&hellip;]<\/p>\n","protected":false},"author":1,"featured_media":702,"parent":0,"menu_order":0,"comment_status":"closed","ping_status":"closed","template":"","meta":{"ngg_post_thumbnail":0,"footnotes":""},"class_list":["post-1734","page","type-page","status-publish","has-post-thumbnail","hentry"],"jetpack_sharing_enabled":true,"_links":{"self":[{"href":"https:\/\/herdade-dos-lagos.de\/pt-pt\/wp-json\/wp\/v2\/pages\/1734","targetHints":{"allow":["GET"]}}],"collection":[{"href":"https:\/\/herdade-dos-lagos.de\/pt-pt\/wp-json\/wp\/v2\/pages"}],"about":[{"href":"https:\/\/herdade-dos-lagos.de\/pt-pt\/wp-json\/wp\/v2\/types\/page"}],"author":[{"embeddable":true,"href":"https:\/\/herdade-dos-lagos.de\/pt-pt\/wp-json\/wp\/v2\/users\/1"}],"replies":[{"embeddable":true,"href":"https:\/\/herdade-dos-lagos.de\/pt-pt\/wp-json\/wp\/v2\/comments?post=1734"}],"version-history":[{"count":5,"href":"https:\/\/herdade-dos-lagos.de\/pt-pt\/wp-json\/wp\/v2\/pages\/1734\/revisions"}],"predecessor-version":[{"id":3179,"href":"https:\/\/herdade-dos-lagos.de\/pt-pt\/wp-json\/wp\/v2\/pages\/1734\/revisions\/3179"}],"wp:featuredmedia":[{"embeddable":true,"href":"https:\/\/herdade-dos-lagos.de\/pt-pt\/wp-json\/wp\/v2\/media\/702"}],"wp:attachment":[{"href":"https:\/\/herdade-dos-lagos.de\/pt-pt\/wp-json\/wp\/v2\/media?parent=1734"}],"curies":[{"name":"wp","href":"https:\/\/api.w.org\/{rel}","templated":true}]}}