{"id":1729,"date":"2020-08-12T15:55:11","date_gmt":"2020-08-12T13:55:11","guid":{"rendered":"https:\/\/hdl-portugal.eu\/a-equipa\/"},"modified":"2021-12-01T19:54:38","modified_gmt":"2021-12-01T18:54:38","slug":"a-equipa","status":"publish","type":"page","link":"https:\/\/herdade-dos-lagos.de\/pt-pt\/a-equipa\/","title":{"rendered":"A equipa"},"content":{"rendered":"\n<p>Somos uma equipa alem\u00e3\/portuguesa a trabalhar em estreita colabora\u00e7\u00e3o.<\/p>\n\n\n\n<p>Do lado portugu\u00eas, Helena Ferreira Manuel, uma engenheira agr\u00edcola experiente, supervisiona a Herdade como gestora agr\u00edcola, apoiada por Marta Verena Pereira, que supervisiona a vinifica\u00e7\u00e3o como en\u00f3loga residente. As duas s\u00e3o os seus contactos locais. S\u00e3o apoiadas no trabalho agr\u00edcola di\u00e1rio por oito trabalhadores permanentes de longa dura\u00e7\u00e3o, alguns dos quais vivem na quinta e est\u00e3o todos intimamente envolvidos na comunidade local. Apoiamos veementemente o facto de a equipa ser constitu\u00edda por 50% de mulheres e 50% de homens.<\/p>\n\n\n\n<p>Do lado alem\u00e3o, Antje e Thorsten Kreikenbaum s\u00e3o parceiros de gest\u00e3o. Antje Kreikenbaum \u00e9 tamb\u00e9m o seu contacto para vendas internacionais e o escrit\u00f3rio de vendas em Bremen. <br><br>A novidade na equipa \u00e9 o nosso filho Jannes Kreikenbaum, que apresenta os nossos vinhos nas feiras e apoia Helena e Marta nas v\u00e1rias \u00e1reas da vinifica\u00e7\u00e3o.<\/p>\n\n\n\n<p>Carsten Heinemeyer, um en\u00f3logo conceituado e experiente de Geissenheim, aconselha-nos sobre todas as quest\u00f5es da viticultura biol\u00f3gica e da vinifica\u00e7\u00e3o dos vinhos.<\/p>\n\n\n\n<p>Juntos estamos em constante interc\u00e2mbio criativo e tentamos aproveitar ao m\u00e1ximo as circunst\u00e2ncias existentes na equipa.<\/p>\n\n\n\nngg_shortcode_0_placeholder\n","protected":false},"excerpt":{"rendered":"<p>Somos uma equipa alem\u00e3\/portuguesa a trabalhar em estreita colabora\u00e7\u00e3o. Do lado portugu\u00eas, Helena Ferreira Manuel, uma engenheira agr\u00edcola experiente, supervisiona a Herdade como gestora agr\u00edcola, apoiada por Marta Verena Pereira, que supervisiona a vinifica\u00e7\u00e3o como en\u00f3loga residente. As duas s\u00e3o os seus contactos locais. S\u00e3o apoiadas no trabalho agr\u00edcola di\u00e1rio por oito trabalhadores permanentes de [&hellip;]<\/p>\n","protected":false},"author":1,"featured_media":0,"parent":0,"menu_order":0,"comment_status":"closed","ping_status":"closed","template":"","meta":{"ngg_post_thumbnail":0,"footnotes":""},"class_list":["post-1729","page","type-page","status-publish","hentry"],"jetpack_sharing_enabled":true,"_links":{"self":[{"href":"https:\/\/herdade-dos-lagos.de\/pt-pt\/wp-json\/wp\/v2\/pages\/1729","targetHints":{"allow":["GET"]}}],"collection":[{"href":"https:\/\/herdade-dos-lagos.de\/pt-pt\/wp-json\/wp\/v2\/pages"}],"about":[{"href":"https:\/\/herdade-dos-lagos.de\/pt-pt\/wp-json\/wp\/v2\/types\/page"}],"author":[{"embeddable":true,"href":"https:\/\/herdade-dos-lagos.de\/pt-pt\/wp-json\/wp\/v2\/users\/1"}],"replies":[{"embeddable":true,"href":"https:\/\/herdade-dos-lagos.de\/pt-pt\/wp-json\/wp\/v2\/comments?post=1729"}],"version-history":[{"count":5,"href":"https:\/\/herdade-dos-lagos.de\/pt-pt\/wp-json\/wp\/v2\/pages\/1729\/revisions"}],"predecessor-version":[{"id":3322,"href":"https:\/\/herdade-dos-lagos.de\/pt-pt\/wp-json\/wp\/v2\/pages\/1729\/revisions\/3322"}],"wp:attachment":[{"href":"https:\/\/herdade-dos-lagos.de\/pt-pt\/wp-json\/wp\/v2\/media?parent=1729"}],"curies":[{"name":"wp","href":"https:\/\/api.w.org\/{rel}","templated":true}]}}