{"id":1725,"date":"2020-08-12T15:54:50","date_gmt":"2020-08-12T13:54:50","guid":{"rendered":"https:\/\/hdl-portugal.eu\/o-formal\/"},"modified":"2024-03-11T17:02:51","modified_gmt":"2024-03-11T16:02:51","slug":"o-formal","status":"publish","type":"page","link":"https:\/\/herdade-dos-lagos.de\/pt-pt\/o-formal\/","title":{"rendered":"O formal"},"content":{"rendered":"\n<p>Aqui voc\u00ea encontrar\u00e1 as informa\u00e7\u00f5es legais que o mundo n\u00e3o pode prescindir\u2026<\/p>\n\n\n\n<div class=\"wp-block-buttons is-layout-flex wp-block-buttons-is-layout-flex\">\n<div class=\"wp-block-button is-style-fill\"><a class=\"wp-block-button__link has-white-color has-dark-gray-background-color has-text-color has-background wp-element-button\" href=\"https:\/\/herdade-dos-lagos.de\/pt-pt\/impressao\/\" target=\"_blank\" rel=\"noreferrer noopener\">Impress\u00e3o<\/a><\/div>\n<\/div>\n\n\n\n<div class=\"wp-block-buttons is-layout-flex wp-block-buttons-is-layout-flex\">\n<div class=\"wp-block-button is-style-fill\"><a class=\"wp-block-button__link has-white-color has-dark-gray-background-color has-text-color has-background wp-element-button\" href=\"https:\/\/herdade-dos-lagos.de\/pt-pt\/politica-de-privacidade\/\" target=\"_blank\" rel=\"noreferrer noopener\">pol\u00edtica de privacidade<\/a><\/div>\n<\/div>\n\n\n\n<p><\/p>\n","protected":false},"excerpt":{"rendered":"<p>Aqui voc\u00ea encontrar\u00e1 as informa\u00e7\u00f5es legais que o mundo n\u00e3o pode prescindir\u2026<\/p>\n","protected":false},"author":1,"featured_media":0,"parent":0,"menu_order":0,"comment_status":"closed","ping_status":"closed","template":"","meta":{"ngg_post_thumbnail":0,"footnotes":""},"class_list":["post-1725","page","type-page","status-publish","hentry"],"jetpack_sharing_enabled":true,"_links":{"self":[{"href":"https:\/\/herdade-dos-lagos.de\/pt-pt\/wp-json\/wp\/v2\/pages\/1725","targetHints":{"allow":["GET"]}}],"collection":[{"href":"https:\/\/herdade-dos-lagos.de\/pt-pt\/wp-json\/wp\/v2\/pages"}],"about":[{"href":"https:\/\/herdade-dos-lagos.de\/pt-pt\/wp-json\/wp\/v2\/types\/page"}],"author":[{"embeddable":true,"href":"https:\/\/herdade-dos-lagos.de\/pt-pt\/wp-json\/wp\/v2\/users\/1"}],"replies":[{"embeddable":true,"href":"https:\/\/herdade-dos-lagos.de\/pt-pt\/wp-json\/wp\/v2\/comments?post=1725"}],"version-history":[{"count":4,"href":"https:\/\/herdade-dos-lagos.de\/pt-pt\/wp-json\/wp\/v2\/pages\/1725\/revisions"}],"predecessor-version":[{"id":3638,"href":"https:\/\/herdade-dos-lagos.de\/pt-pt\/wp-json\/wp\/v2\/pages\/1725\/revisions\/3638"}],"wp:attachment":[{"href":"https:\/\/herdade-dos-lagos.de\/pt-pt\/wp-json\/wp\/v2\/media?parent=1725"}],"curies":[{"name":"wp","href":"https:\/\/api.w.org\/{rel}","templated":true}]}}