{"id":1718,"date":"2020-08-12T15:54:34","date_gmt":"2020-08-12T13:54:34","guid":{"rendered":"https:\/\/hdl-portugal.eu\/alfarrobeiro-johannisbrot\/"},"modified":"2020-08-17T16:24:06","modified_gmt":"2020-08-17T14:24:06","slug":"alfarrobeiro-johannisbrot","status":"publish","type":"page","link":"https:\/\/herdade-dos-lagos.de\/pt-pt\/alfarrobeiro-johannisbrot\/","title":{"rendered":"Alfarrobeira"},"content":{"rendered":"\n<p>As alfarrobeiras s\u00e3o dotadas de v\u00e1rias propriedades, aqui, s\u00e3o cultivadas e colhidas em mais de 260 hectares na Herdade dos Lagos. Tanto a polpa como os frutos e sementes s\u00e3o caracterizados por um alto n\u00edvel de utilidade, principalmente na ind\u00fastria alimentar.<\/p>\n\n\n\n<p>A polpa da alfarroba, \u00e9 rica em fibras e cont\u00e9m bastante c\u00e1lcio e ferro, o que a torna adequada como alimento diet\u00e9tico e muito utilizado na alimenta\u00e7\u00e3o infantil. A alfarroba em p\u00f3 tamb\u00e9m n\u00e3o cont\u00e9m colesterol, lactose e gl\u00faten, sendo, portanto, uma alternativa ao chocolate para pessoas com alergias alimentares. O teor de a\u00e7\u00facar natural e o aroma especial de caramelo frutado da alfarroba em p\u00f3 lembram o sabor a cacau. Em contraste com isso, entretanto, \u00e9 muito pobre em gordura e livre de subst\u00e2ncias estimulantes como a cafe\u00edna e a teobromina. O p\u00f3 da alfarroba pode substituir o cacau em p\u00f3 em todas as fun\u00e7\u00f5es. \u00c9 adequado para bolos m\u00e1rmore, bem como para mousses, pudins ou bebidas l\u00e1cteas mistas.<\/p>\n\n\n\n<p>Para fins diet\u00e9ticos, a goma de alfarroba \u00e9 usada como auxiliar de cozedura em p\u00e3es sem gl\u00faten. Desordens nutricionais e digestivas agudas, colite e doen\u00e7a cel\u00edaca s\u00e3o \u00e1reas de aplica\u00e7\u00e3o para produtos diet\u00e9ticos feitos de alfarroba. Foi demonstrado que um ingrediente ativo isolado do n\u00facleo reduz os n\u00edveis de a\u00e7\u00facar no sangue e colesterol e tem um efeito de redu\u00e7\u00e3o de peso. A alfarroba tem pelo menos 6 subst\u00e2ncias diferentes que inibem a forma\u00e7\u00e3o de tumores. Atua como uma subst\u00e2ncia antioxidante e, portanto, protege contra os danos celulares causados \u200b\u200bpelos radicais livres.<\/p>\n\n\n\n<p>O &#8220;Carubin&#8221; \u00e9 cinco vezes mais dilat\u00e1vel do que o amido. \u00c9 amplamente utilizado como aglutinante e estabilizante em confeitaria, molhos, sopas, pudins e gelados. \u00c9, portanto, irrestritamente aprovado na UE (tamb\u00e9m para produtos biol\u00f3gicos) como um aditivo alimentar sob o n\u00famero E 410.<\/p>\n\n\n\n<p>A alfarrobeira \u00e9 uma \u00e1rvore perene, extremamente resistente ao calor e \u00e0 seca, que atinge alturas de crescimento de 10 a 20 m. A \u00e1rvore cresce em solos calc\u00e1rios (incluindo argila e areia perme\u00e1vel \u00e0 \u00e1gua) e tolera um alto teor de sal. Ela cresce e produz frutos em locais marginais, sem irriga\u00e7\u00e3o e sem pesticidas. Portanto, \u00e9 ideal para a agricultura Biol\u00f3gica.<\/p>\n\n\n\n<p><\/p>\n\n\n\nngg_shortcode_0_placeholder\n","protected":false},"excerpt":{"rendered":"<p>As alfarrobeiras s\u00e3o dotadas de v\u00e1rias propriedades, aqui, s\u00e3o cultivadas e colhidas em mais de 260 hectares na Herdade dos Lagos. Tanto a polpa como os frutos e sementes s\u00e3o caracterizados por um alto n\u00edvel de utilidade, principalmente na ind\u00fastria alimentar. A polpa da alfarroba, \u00e9 rica em fibras e cont\u00e9m bastante c\u00e1lcio e ferro, [&hellip;]<\/p>\n","protected":false},"author":1,"featured_media":2306,"parent":0,"menu_order":0,"comment_status":"closed","ping_status":"closed","template":"","meta":{"ngg_post_thumbnail":0,"footnotes":""},"class_list":["post-1718","page","type-page","status-publish","has-post-thumbnail","hentry"],"jetpack_sharing_enabled":true,"_links":{"self":[{"href":"https:\/\/herdade-dos-lagos.de\/pt-pt\/wp-json\/wp\/v2\/pages\/1718","targetHints":{"allow":["GET"]}}],"collection":[{"href":"https:\/\/herdade-dos-lagos.de\/pt-pt\/wp-json\/wp\/v2\/pages"}],"about":[{"href":"https:\/\/herdade-dos-lagos.de\/pt-pt\/wp-json\/wp\/v2\/types\/page"}],"author":[{"embeddable":true,"href":"https:\/\/herdade-dos-lagos.de\/pt-pt\/wp-json\/wp\/v2\/users\/1"}],"replies":[{"embeddable":true,"href":"https:\/\/herdade-dos-lagos.de\/pt-pt\/wp-json\/wp\/v2\/comments?post=1718"}],"version-history":[{"count":9,"href":"https:\/\/herdade-dos-lagos.de\/pt-pt\/wp-json\/wp\/v2\/pages\/1718\/revisions"}],"predecessor-version":[{"id":3174,"href":"https:\/\/herdade-dos-lagos.de\/pt-pt\/wp-json\/wp\/v2\/pages\/1718\/revisions\/3174"}],"wp:featuredmedia":[{"embeddable":true,"href":"https:\/\/herdade-dos-lagos.de\/pt-pt\/wp-json\/wp\/v2\/media\/2306"}],"wp:attachment":[{"href":"https:\/\/herdade-dos-lagos.de\/pt-pt\/wp-json\/wp\/v2\/media?parent=1718"}],"curies":[{"name":"wp","href":"https:\/\/api.w.org\/{rel}","templated":true}]}}