{"id":1715,"date":"2020-08-12T15:54:18","date_gmt":"2020-08-12T13:54:18","guid":{"rendered":"https:\/\/hdl-portugal.eu\/biodiversidade\/"},"modified":"2026-04-02T11:53:12","modified_gmt":"2026-04-02T09:53:12","slug":"biodiversidade","status":"publish","type":"page","link":"https:\/\/herdade-dos-lagos.de\/pt-pt\/biodiversidade\/","title":{"rendered":"Biodiversidade"},"content":{"rendered":"\n<p class=\"has-text-align-justify\">Al\u00e9m das uvas e azeitonas que cultivamos, os solos vivos tamb\u00e9m abrigam microrganismos, plantas, aves, insetos, r\u00e9pteis e in\u00fameras criaturas do solo. Promovemos esta biodiversidade atrav\u00e9s de diversas t\u00e9cnicas regenerativas: culturas de cobertura permanentes nas entrelinhas das culturas, semeadas ou espont\u00e2neas, faixas de plantas com flora\u00e7\u00f5es ao longo do ano, sebes verdes, \u00e1rvores, ilhas de biodiversidade com planta\u00e7\u00f5es de diversas esp\u00e9cies adaptadas, bem como cria\u00e7\u00e3o abrigos para uma fauna diversificada no meio ou nas margens das vinhas e olivais. S\u00f3 esta diversidade garante um ciclo natural fechado e, portanto, vinhos e azeites de alta qualidade. Desta forma, promovemos o incremento constante da biodiversidade e a regenera\u00e7\u00e3o do ecossistema.<\/p>\n","protected":false},"excerpt":{"rendered":"<p>Al\u00e9m das uvas e azeitonas que cultivamos, os solos vivos tamb\u00e9m abrigam microrganismos, plantas, aves, insetos, r\u00e9pteis e in\u00fameras criaturas do solo. Promovemos esta biodiversidade atrav\u00e9s de diversas t\u00e9cnicas regenerativas: culturas de cobertura permanentes nas entrelinhas das culturas, semeadas ou espont\u00e2neas, faixas de plantas com flora\u00e7\u00f5es ao longo do ano, sebes verdes, \u00e1rvores, ilhas de [&hellip;]<\/p>\n","protected":false},"author":1,"featured_media":744,"parent":0,"menu_order":0,"comment_status":"closed","ping_status":"closed","template":"","meta":{"_acf_changed":false,"ngg_post_thumbnail":0,"footnotes":""},"class_list":["post-1715","page","type-page","status-publish","has-post-thumbnail","hentry"],"acf":[],"_links":{"self":[{"href":"https:\/\/herdade-dos-lagos.de\/pt-pt\/wp-json\/wp\/v2\/pages\/1715","targetHints":{"allow":["GET"]}}],"collection":[{"href":"https:\/\/herdade-dos-lagos.de\/pt-pt\/wp-json\/wp\/v2\/pages"}],"about":[{"href":"https:\/\/herdade-dos-lagos.de\/pt-pt\/wp-json\/wp\/v2\/types\/page"}],"author":[{"embeddable":true,"href":"https:\/\/herdade-dos-lagos.de\/pt-pt\/wp-json\/wp\/v2\/users\/1"}],"replies":[{"embeddable":true,"href":"https:\/\/herdade-dos-lagos.de\/pt-pt\/wp-json\/wp\/v2\/comments?post=1715"}],"version-history":[{"count":1,"href":"https:\/\/herdade-dos-lagos.de\/pt-pt\/wp-json\/wp\/v2\/pages\/1715\/revisions"}],"predecessor-version":[{"id":4470,"href":"https:\/\/herdade-dos-lagos.de\/pt-pt\/wp-json\/wp\/v2\/pages\/1715\/revisions\/4470"}],"wp:featuredmedia":[{"embeddable":true,"href":"https:\/\/herdade-dos-lagos.de\/pt-pt\/wp-json\/wp\/v2\/media\/744"}],"wp:attachment":[{"href":"https:\/\/herdade-dos-lagos.de\/pt-pt\/wp-json\/wp\/v2\/media?parent=1715"}],"curies":[{"name":"wp","href":"https:\/\/api.w.org\/{rel}","templated":true}]}}