{"id":1711,"date":"2020-08-12T15:53:56","date_gmt":"2020-08-12T13:53:56","guid":{"rendered":"https:\/\/hdl-portugal.eu\/agricultura-biologica\/"},"modified":"2021-12-01T19:25:55","modified_gmt":"2021-12-01T18:25:55","slug":"agricultura-biologica","status":"publish","type":"page","link":"https:\/\/herdade-dos-lagos.de\/pt-pt\/agricultura-biologica\/","title":{"rendered":"Agricultura biol\u00f3gica"},"content":{"rendered":"\n<p>Os 1000 hectares da Herdade dos Lagos, em Vale de A\u00e7or de cima e Vale de Camelos, M\u00e9rtola, s\u00e3o completamente biol\u00f3gicos. Desta forma, n\u00e3o utilizamos os produtos  da agricultura convencional, apenas os aprovados para a agricultura biol\u00f3gica, sempre com o objetivo de minimizar utiliza\u00e7\u00e3o de qu\u00edmicos, de preservar o solo, a \u00e1gua e os ecossistemas.<\/p>\n\n\n\n<p>Utilizamos as condi\u00e7\u00f5es ideais que encontramos no Alentejo com as suas vastas \u00e1reas intocadas e conservamos os recursos naturais. Isto produz vinhos de caracter natural e produtos que permitem disfrutar em pleno o terroir existente.<\/p>\n\n\n\nngg_shortcode_0_placeholder\n","protected":false},"excerpt":{"rendered":"<p>Os 1000 hectares da Herdade dos Lagos, em Vale de A\u00e7or de cima e Vale de Camelos, M\u00e9rtola, s\u00e3o completamente biol\u00f3gicos. Desta forma, n\u00e3o utilizamos os produtos da agricultura convencional, apenas os aprovados para a agricultura biol\u00f3gica, sempre com o objetivo de minimizar utiliza\u00e7\u00e3o de qu\u00edmicos, de preservar o solo, a \u00e1gua e os ecossistemas. [&hellip;]<\/p>\n","protected":false},"author":1,"featured_media":1380,"parent":0,"menu_order":0,"comment_status":"closed","ping_status":"closed","template":"","meta":{"ngg_post_thumbnail":0,"footnotes":""},"class_list":["post-1711","page","type-page","status-publish","has-post-thumbnail","hentry"],"jetpack_sharing_enabled":true,"_links":{"self":[{"href":"https:\/\/herdade-dos-lagos.de\/pt-pt\/wp-json\/wp\/v2\/pages\/1711","targetHints":{"allow":["GET"]}}],"collection":[{"href":"https:\/\/herdade-dos-lagos.de\/pt-pt\/wp-json\/wp\/v2\/pages"}],"about":[{"href":"https:\/\/herdade-dos-lagos.de\/pt-pt\/wp-json\/wp\/v2\/types\/page"}],"author":[{"embeddable":true,"href":"https:\/\/herdade-dos-lagos.de\/pt-pt\/wp-json\/wp\/v2\/users\/1"}],"replies":[{"embeddable":true,"href":"https:\/\/herdade-dos-lagos.de\/pt-pt\/wp-json\/wp\/v2\/comments?post=1711"}],"version-history":[{"count":6,"href":"https:\/\/herdade-dos-lagos.de\/pt-pt\/wp-json\/wp\/v2\/pages\/1711\/revisions"}],"predecessor-version":[{"id":3315,"href":"https:\/\/herdade-dos-lagos.de\/pt-pt\/wp-json\/wp\/v2\/pages\/1711\/revisions\/3315"}],"wp:featuredmedia":[{"embeddable":true,"href":"https:\/\/herdade-dos-lagos.de\/pt-pt\/wp-json\/wp\/v2\/media\/1380"}],"wp:attachment":[{"href":"https:\/\/herdade-dos-lagos.de\/pt-pt\/wp-json\/wp\/v2\/media?parent=1711"}],"curies":[{"name":"wp","href":"https:\/\/api.w.org\/{rel}","templated":true}]}}