{"id":1706,"date":"2020-08-12T15:53:30","date_gmt":"2020-08-12T13:53:30","guid":{"rendered":"https:\/\/hdl-portugal.eu\/visite-nos\/"},"modified":"2024-03-11T17:08:49","modified_gmt":"2024-03-11T16:08:49","slug":"visite-nos","status":"publish","type":"page","link":"https:\/\/herdade-dos-lagos.de\/pt-pt\/visite-nos\/","title":{"rendered":"Visite-nos"},"content":{"rendered":"\n<p>Convidamo-lo a visitar a Herdade dos Lagos e a provar e comprar os nossos vinhos na nossa sala de degusta\u00e7\u00e3o e loja.<br>Temos tamb\u00e9m o prazer de organizar degusta\u00e7\u00f5es com especialidades locais e, claro, com os nossos vinhos, o nosso azeite e o nosso mel.<br>Para degusta\u00e7\u00f5es ou informa\u00e7\u00f5es, ligue +351 286991145 ou por e-mail em  <a href=\"mailto:farm@herdade-dos-lagos.com\">farm@herdade-dos-lagos.com<\/a> \u00a0 (em ingl\u00eas ou portugu\u00eas). <\/p>\n\n\n\n<p>Reconstru\u00edmos os edif\u00edcios tradicionais existentes para instalar uma sala de provas, a loja, o armaz\u00e9m e a nossa sala de barricas.<\/p>\n\n\n\n<p>Originalmente usados como est\u00e1bulos, os edif\u00edcios foram redesenhados com materiais ind\u00edgenas por artes\u00e3os locais para satisfazer os requisitos modernos.<br>Ao faz\u00ea-lo, tent\u00e1mos preservar a autenticidade de toda a instala\u00e7\u00e3o.<br>A Herdade dos Lagos faz parte da &#8220;Rota dos Vinhos do Alentejo&#8221;, Portugal, que o convida a visitar v\u00e1rias adegas num percurso pelo Alentejo.<\/p>\n\n\n\n<p>A loja na Herdade costuma funcionar das 9h \u00e0s 17:00h.<\/p>\n\n\n\nngg_shortcode_0_placeholder\n","protected":false},"excerpt":{"rendered":"<p>Convidamo-lo a visitar a Herdade dos Lagos e a provar e comprar os nossos vinhos na nossa sala de degusta\u00e7\u00e3o e loja.Temos tamb\u00e9m o prazer de organizar degusta\u00e7\u00f5es com especialidades locais e, claro, com os nossos vinhos, o nosso azeite e o nosso mel.Para degusta\u00e7\u00f5es ou informa\u00e7\u00f5es, ligue +351 286991145 ou por e-mail em farm@herdade-dos-lagos.com [&hellip;]<\/p>\n","protected":false},"author":1,"featured_media":816,"parent":0,"menu_order":0,"comment_status":"closed","ping_status":"closed","template":"","meta":{"ngg_post_thumbnail":0,"footnotes":""},"class_list":["post-1706","page","type-page","status-publish","has-post-thumbnail","hentry"],"jetpack_sharing_enabled":true,"_links":{"self":[{"href":"https:\/\/herdade-dos-lagos.de\/pt-pt\/wp-json\/wp\/v2\/pages\/1706","targetHints":{"allow":["GET"]}}],"collection":[{"href":"https:\/\/herdade-dos-lagos.de\/pt-pt\/wp-json\/wp\/v2\/pages"}],"about":[{"href":"https:\/\/herdade-dos-lagos.de\/pt-pt\/wp-json\/wp\/v2\/types\/page"}],"author":[{"embeddable":true,"href":"https:\/\/herdade-dos-lagos.de\/pt-pt\/wp-json\/wp\/v2\/users\/1"}],"replies":[{"embeddable":true,"href":"https:\/\/herdade-dos-lagos.de\/pt-pt\/wp-json\/wp\/v2\/comments?post=1706"}],"version-history":[{"count":4,"href":"https:\/\/herdade-dos-lagos.de\/pt-pt\/wp-json\/wp\/v2\/pages\/1706\/revisions"}],"predecessor-version":[{"id":3641,"href":"https:\/\/herdade-dos-lagos.de\/pt-pt\/wp-json\/wp\/v2\/pages\/1706\/revisions\/3641"}],"wp:featuredmedia":[{"embeddable":true,"href":"https:\/\/herdade-dos-lagos.de\/pt-pt\/wp-json\/wp\/v2\/media\/816"}],"wp:attachment":[{"href":"https:\/\/herdade-dos-lagos.de\/pt-pt\/wp-json\/wp\/v2\/media?parent=1706"}],"curies":[{"name":"wp","href":"https:\/\/api.w.org\/{rel}","templated":true}]}}