{"id":1700,"date":"2020-08-12T15:52:44","date_gmt":"2020-08-12T13:52:44","guid":{"rendered":"https:\/\/hdl-portugal.eu\/ovelhas\/"},"modified":"2020-08-15T14:09:55","modified_gmt":"2020-08-15T12:09:55","slug":"ovelhas","status":"publish","type":"page","link":"https:\/\/herdade-dos-lagos.de\/pt-pt\/ovelhas\/","title":{"rendered":"Ovelhas"},"content":{"rendered":"\n<p>Na Herdade dos Lagos pastam cerca de 1200 ovelhas merino.<br\/>As ovelhas tradicionalmente pertenciam \u00e0 Herdade e, no entanto, parte do grande celeiro de ovelhas emplastro de barro deu agora lugar ao campo de vinhos, s\u00e3o dif\u00edceis de imaginar a partir do panorama geral. O pastor com a sua fam\u00edlia e os seus c\u00e3es de pastoreio vivem na quinta e cuidam dos in\u00fameros cordeiros que nascem todos os anos.<\/p>\n\n<p>As ovelhas s\u00e3o uma parte valiosa da gest\u00e3o sustent\u00e1vel da quinta. Pastam nas v\u00e1rias \u00e1reas cultivadas, garantindo assim a fertiliza\u00e7\u00e3o natural, a ventila\u00e7\u00e3o do solo e a conten\u00e7\u00e3o de ervas algas, que n\u00e3o t\u00eam de ser maquinadas. Al\u00e9m disso, o estrume de ovelhas das ovelhas amontoadas \u00e9 recolhido e composto. O composto \u00e9 utilizado por sua vez para melhorar o solo. <\/p>\n\nngg_shortcode_0_placeholder\n\n<figure class=\"wp-block-gallery columns-3 is-cropped wp-block-gallery-1 is-layout-flex wp-block-gallery-is-layout-flex\"><ul class=\"blocks-gallery-grid\"><li class=\"blocks-gallery-item\"><figure><img data-recalc-dims=\"1\" loading=\"lazy\" decoding=\"async\" width=\"600\" height=\"450\" src=\"https:\/\/i0.wp.com\/hdl-portugal.eu\/wp-content\/uploads\/2020\/08\/FDAD875E-DF51-45AD-9422-D979E4AF7708-1024x768.jpeg?resize=600%2C450&#038;ssl=1\" alt=\"\" data-id=\"1925\" data-full-url=\"https:\/\/hdl-portugal.eu\/wp-content\/uploads\/2020\/08\/FDAD875E-DF51-45AD-9422-D979E4AF7708-scaled.jpeg\" data-link=\"https:\/\/hdl-portugal.eu\/fdad875e-df51-45ad-9422-d979e4af7708\/\" class=\"wp-image-1925\" srcset=\"https:\/\/i0.wp.com\/herdade-dos-lagos.de\/wp-content\/uploads\/2020\/08\/FDAD875E-DF51-45AD-9422-D979E4AF7708-scaled.jpeg?resize=1024%2C768&amp;ssl=1 1024w, https:\/\/i0.wp.com\/herdade-dos-lagos.de\/wp-content\/uploads\/2020\/08\/FDAD875E-DF51-45AD-9422-D979E4AF7708-scaled.jpeg?resize=300%2C225&amp;ssl=1 300w, https:\/\/i0.wp.com\/herdade-dos-lagos.de\/wp-content\/uploads\/2020\/08\/FDAD875E-DF51-45AD-9422-D979E4AF7708-scaled.jpeg?resize=768%2C576&amp;ssl=1 768w, https:\/\/i0.wp.com\/herdade-dos-lagos.de\/wp-content\/uploads\/2020\/08\/FDAD875E-DF51-45AD-9422-D979E4AF7708-scaled.jpeg?resize=1536%2C1152&amp;ssl=1 1536w, https:\/\/i0.wp.com\/herdade-dos-lagos.de\/wp-content\/uploads\/2020\/08\/FDAD875E-DF51-45AD-9422-D979E4AF7708-scaled.jpeg?resize=2048%2C1536&amp;ssl=1 2048w, https:\/\/i0.wp.com\/herdade-dos-lagos.de\/wp-content\/uploads\/2020\/08\/FDAD875E-DF51-45AD-9422-D979E4AF7708-scaled.jpeg?resize=1240%2C930&amp;ssl=1 1240w, https:\/\/i0.wp.com\/herdade-dos-lagos.de\/wp-content\/uploads\/2020\/08\/FDAD875E-DF51-45AD-9422-D979E4AF7708-scaled.jpeg?resize=508%2C381&amp;ssl=1 508w, https:\/\/i0.wp.com\/herdade-dos-lagos.de\/wp-content\/uploads\/2020\/08\/FDAD875E-DF51-45AD-9422-D979E4AF7708-scaled.jpeg?w=1800&amp;ssl=1 1800w\" sizes=\"auto, (max-width: 600px) 100vw, 600px\" \/><\/figure><\/li><li class=\"blocks-gallery-item\"><figure><img data-recalc-dims=\"1\" loading=\"lazy\" decoding=\"async\" width=\"600\" height=\"450\" src=\"https:\/\/i0.wp.com\/hdl-portugal.eu\/wp-content\/uploads\/2020\/08\/5F00465C-DCBF-46D7-B312-F3748A10B11B-1024x768.jpeg?resize=600%2C450&#038;ssl=1\" alt=\"\" data-id=\"1901\" data-full-url=\"https:\/\/hdl-portugal.eu\/wp-content\/uploads\/2020\/08\/5F00465C-DCBF-46D7-B312-F3748A10B11B-scaled.jpeg\" data-link=\"https:\/\/hdl-portugal.eu\/5f00465c-dcbf-46d7-b312-f3748a10b11b\/\" class=\"wp-image-1901\" srcset=\"https:\/\/i0.wp.com\/herdade-dos-lagos.de\/wp-content\/uploads\/2020\/08\/5F00465C-DCBF-46D7-B312-F3748A10B11B-scaled.jpeg?resize=1024%2C768&amp;ssl=1 1024w, https:\/\/i0.wp.com\/herdade-dos-lagos.de\/wp-content\/uploads\/2020\/08\/5F00465C-DCBF-46D7-B312-F3748A10B11B-scaled.jpeg?resize=300%2C225&amp;ssl=1 300w, https:\/\/i0.wp.com\/herdade-dos-lagos.de\/wp-content\/uploads\/2020\/08\/5F00465C-DCBF-46D7-B312-F3748A10B11B-scaled.jpeg?resize=768%2C576&amp;ssl=1 768w, https:\/\/i0.wp.com\/herdade-dos-lagos.de\/wp-content\/uploads\/2020\/08\/5F00465C-DCBF-46D7-B312-F3748A10B11B-scaled.jpeg?resize=1536%2C1152&amp;ssl=1 1536w, https:\/\/i0.wp.com\/herdade-dos-lagos.de\/wp-content\/uploads\/2020\/08\/5F00465C-DCBF-46D7-B312-F3748A10B11B-scaled.jpeg?resize=2048%2C1536&amp;ssl=1 2048w, https:\/\/i0.wp.com\/herdade-dos-lagos.de\/wp-content\/uploads\/2020\/08\/5F00465C-DCBF-46D7-B312-F3748A10B11B-scaled.jpeg?resize=1240%2C930&amp;ssl=1 1240w, https:\/\/i0.wp.com\/herdade-dos-lagos.de\/wp-content\/uploads\/2020\/08\/5F00465C-DCBF-46D7-B312-F3748A10B11B-scaled.jpeg?resize=508%2C381&amp;ssl=1 508w, https:\/\/i0.wp.com\/herdade-dos-lagos.de\/wp-content\/uploads\/2020\/08\/5F00465C-DCBF-46D7-B312-F3748A10B11B-scaled.jpeg?w=1800&amp;ssl=1 1800w\" sizes=\"auto, (max-width: 600px) 100vw, 600px\" \/><\/figure><\/li><li class=\"blocks-gallery-item\"><figure><img data-recalc-dims=\"1\" loading=\"lazy\" decoding=\"async\" width=\"600\" height=\"398\" src=\"https:\/\/i0.wp.com\/hdl-portugal.eu\/wp-content\/uploads\/2020\/03\/HDL-Schafsherde-1024x680.jpg?resize=600%2C398&#038;ssl=1\" alt=\"\" data-id=\"509\" data-full-url=\"https:\/\/hdl-portugal.eu\/wp-content\/uploads\/2020\/03\/HDL-Schafsherde-scaled.jpg\" data-link=\"https:\/\/hdl-portugal.eu\/hdl-schafsherde\/\" class=\"wp-image-509\" srcset=\"https:\/\/i0.wp.com\/herdade-dos-lagos.de\/wp-content\/uploads\/2020\/03\/HDL-Schafsherde-scaled.jpg?resize=1024%2C680&amp;ssl=1 1024w, https:\/\/i0.wp.com\/herdade-dos-lagos.de\/wp-content\/uploads\/2020\/03\/HDL-Schafsherde-scaled.jpg?resize=300%2C199&amp;ssl=1 300w, https:\/\/i0.wp.com\/herdade-dos-lagos.de\/wp-content\/uploads\/2020\/03\/HDL-Schafsherde-scaled.jpg?resize=768%2C510&amp;ssl=1 768w, https:\/\/i0.wp.com\/herdade-dos-lagos.de\/wp-content\/uploads\/2020\/03\/HDL-Schafsherde-scaled.jpg?resize=1536%2C1020&amp;ssl=1 1536w, https:\/\/i0.wp.com\/herdade-dos-lagos.de\/wp-content\/uploads\/2020\/03\/HDL-Schafsherde-scaled.jpg?resize=2048%2C1360&amp;ssl=1 2048w, https:\/\/i0.wp.com\/herdade-dos-lagos.de\/wp-content\/uploads\/2020\/03\/HDL-Schafsherde-scaled.jpg?resize=1240%2C824&amp;ssl=1 1240w, https:\/\/i0.wp.com\/herdade-dos-lagos.de\/wp-content\/uploads\/2020\/03\/HDL-Schafsherde-scaled.jpg?resize=508%2C337&amp;ssl=1 508w, https:\/\/i0.wp.com\/herdade-dos-lagos.de\/wp-content\/uploads\/2020\/03\/HDL-Schafsherde-scaled.jpg?w=1800&amp;ssl=1 1800w\" sizes=\"auto, (max-width: 600px) 100vw, 600px\" \/><\/figure><\/li><\/ul><\/figure>\n<div class=\"wp-block-group is-layout-flow wp-block-group-is-layout-flow\"><div class=\"wp-block-group__inner-container\"><\/div><\/div>\n","protected":false},"excerpt":{"rendered":"<p>Na Herdade dos Lagos pastam cerca de 1200 ovelhas merino.As ovelhas tradicionalmente pertenciam \u00e0 Herdade e, no entanto, parte do grande celeiro de ovelhas emplastro de barro deu agora lugar ao campo de vinhos, s\u00e3o dif\u00edceis de imaginar a partir do panorama geral. O pastor com a sua fam\u00edlia e os seus c\u00e3es de pastoreio [&hellip;]<\/p>\n","protected":false},"author":1,"featured_media":951,"parent":0,"menu_order":0,"comment_status":"closed","ping_status":"closed","template":"","meta":{"ngg_post_thumbnail":0,"footnotes":""},"class_list":["post-1700","page","type-page","status-publish","has-post-thumbnail","hentry"],"jetpack_sharing_enabled":true,"_links":{"self":[{"href":"https:\/\/herdade-dos-lagos.de\/pt-pt\/wp-json\/wp\/v2\/pages\/1700","targetHints":{"allow":["GET"]}}],"collection":[{"href":"https:\/\/herdade-dos-lagos.de\/pt-pt\/wp-json\/wp\/v2\/pages"}],"about":[{"href":"https:\/\/herdade-dos-lagos.de\/pt-pt\/wp-json\/wp\/v2\/types\/page"}],"author":[{"embeddable":true,"href":"https:\/\/herdade-dos-lagos.de\/pt-pt\/wp-json\/wp\/v2\/users\/1"}],"replies":[{"embeddable":true,"href":"https:\/\/herdade-dos-lagos.de\/pt-pt\/wp-json\/wp\/v2\/comments?post=1700"}],"version-history":[{"count":4,"href":"https:\/\/herdade-dos-lagos.de\/pt-pt\/wp-json\/wp\/v2\/pages\/1700\/revisions"}],"predecessor-version":[{"id":2900,"href":"https:\/\/herdade-dos-lagos.de\/pt-pt\/wp-json\/wp\/v2\/pages\/1700\/revisions\/2900"}],"wp:featuredmedia":[{"embeddable":true,"href":"https:\/\/herdade-dos-lagos.de\/pt-pt\/wp-json\/wp\/v2\/media\/951"}],"wp:attachment":[{"href":"https:\/\/herdade-dos-lagos.de\/pt-pt\/wp-json\/wp\/v2\/media?parent=1700"}],"curies":[{"name":"wp","href":"https:\/\/api.w.org\/{rel}","templated":true}]}}