{"id":1690,"date":"2020-08-12T15:51:56","date_gmt":"2020-08-12T13:51:56","guid":{"rendered":"https:\/\/hdl-portugal.eu\/santuario-de-aves\/"},"modified":"2020-08-19T10:12:00","modified_gmt":"2020-08-19T08:12:00","slug":"santuario-de-aves","status":"publish","type":"page","link":"https:\/\/herdade-dos-lagos.de\/pt-pt\/santuario-de-aves\/","title":{"rendered":"Santu\u00e1rio de aves"},"content":{"rendered":"\n<p>Todos os anos, cerca 1500 Grous e outras aves migrat\u00f3rias re\u00fanem-se nos meses de inverno nas \u00e1reas circundantes das albufeiras da Herdade dos Lagos.<br>Os bi\u00f3topos criados pela represa de \u00e1guas pluviais oferecem alimento e abrigo para v\u00e1rias esp\u00e9cies de aves, como as abetardas que se extinguiram em muitas \u00e1reas. V\u00e1rias zonas de prote\u00e7\u00e3o de aves sobrep\u00f5em-se na zona da Herdade dos Lagos, por exemplo, a ZPE de Castro Verde (Zona de Prote\u00e7\u00e3o Especial  de Aves).<\/p>\n\n\n\nngg_shortcode_0_placeholder\n","protected":false},"excerpt":{"rendered":"<p>Todos os anos, cerca 1500 Grous e outras aves migrat\u00f3rias re\u00fanem-se nos meses de inverno nas \u00e1reas circundantes das albufeiras da Herdade dos Lagos.Os bi\u00f3topos criados pela represa de \u00e1guas pluviais oferecem alimento e abrigo para v\u00e1rias esp\u00e9cies de aves, como as abetardas que se extinguiram em muitas \u00e1reas. V\u00e1rias zonas de prote\u00e7\u00e3o de aves [&hellip;]<\/p>\n","protected":false},"author":1,"featured_media":899,"parent":0,"menu_order":0,"comment_status":"closed","ping_status":"closed","template":"","meta":{"ngg_post_thumbnail":0,"footnotes":""},"class_list":["post-1690","page","type-page","status-publish","has-post-thumbnail","hentry"],"jetpack_sharing_enabled":true,"_links":{"self":[{"href":"https:\/\/herdade-dos-lagos.de\/pt-pt\/wp-json\/wp\/v2\/pages\/1690","targetHints":{"allow":["GET"]}}],"collection":[{"href":"https:\/\/herdade-dos-lagos.de\/pt-pt\/wp-json\/wp\/v2\/pages"}],"about":[{"href":"https:\/\/herdade-dos-lagos.de\/pt-pt\/wp-json\/wp\/v2\/types\/page"}],"author":[{"embeddable":true,"href":"https:\/\/herdade-dos-lagos.de\/pt-pt\/wp-json\/wp\/v2\/users\/1"}],"replies":[{"embeddable":true,"href":"https:\/\/herdade-dos-lagos.de\/pt-pt\/wp-json\/wp\/v2\/comments?post=1690"}],"version-history":[{"count":3,"href":"https:\/\/herdade-dos-lagos.de\/pt-pt\/wp-json\/wp\/v2\/pages\/1690\/revisions"}],"predecessor-version":[{"id":3214,"href":"https:\/\/herdade-dos-lagos.de\/pt-pt\/wp-json\/wp\/v2\/pages\/1690\/revisions\/3214"}],"wp:featuredmedia":[{"embeddable":true,"href":"https:\/\/herdade-dos-lagos.de\/pt-pt\/wp-json\/wp\/v2\/media\/899"}],"wp:attachment":[{"href":"https:\/\/herdade-dos-lagos.de\/pt-pt\/wp-json\/wp\/v2\/media?parent=1690"}],"curies":[{"name":"wp","href":"https:\/\/api.w.org\/{rel}","templated":true}]}}