{"id":1686,"date":"2020-08-12T15:51:38","date_gmt":"2020-08-12T13:51:38","guid":{"rendered":"https:\/\/hdl-portugal.eu\/agua\/"},"modified":"2020-08-19T09:44:49","modified_gmt":"2020-08-19T07:44:49","slug":"agua","status":"publish","type":"page","link":"https:\/\/herdade-dos-lagos.de\/pt-pt\/agua\/","title":{"rendered":"\u00c1gua"},"content":{"rendered":"\n<p>O Baixo Alentejo\/M\u00e9rtola, onde se situa a Herdade dos Lagos (Vale de Camelos), tem precipita\u00e7\u00e3o anual de 200-600mm (em compara\u00e7\u00e3o com a regi\u00e3o de Bordeaux 984mm). Regularmente, nos meses de calor de Junho a Setembro, h\u00e1 secura total com temperaturas \u00e0 volta de 40\u00b0C.<\/p>\n\n\n\n<p>A \u00e1gua da chuva de inverno n\u00e3o reutilizada \u00e9 agora recolhida em cinco reservat\u00f3rios que foram constru\u00eddos nos \u00faltimos anos. \u00c9 utilizado para irrigar o olival e a vinha durante as esta\u00e7\u00f5es secas.<\/p>\n\n\n\n<p>As \u00e1reas de \u00e1gua tamb\u00e9m formam bi\u00f3topos ricos, onde habitam esp\u00e9cies biodiversas, na \u00e1rea circundante completamente seca. N\u00e3o h\u00e1 \u00e1guas subterr\u00e2neas que possam desempenhar esta fun\u00e7\u00e3o.<br><\/p>\n\n\n\nngg_shortcode_0_placeholder\n","protected":false},"excerpt":{"rendered":"<p>O Baixo Alentejo\/M\u00e9rtola, onde se situa a Herdade dos Lagos (Vale de Camelos), tem precipita\u00e7\u00e3o anual de 200-600mm (em compara\u00e7\u00e3o com a regi\u00e3o de Bordeaux 984mm). Regularmente, nos meses de calor de Junho a Setembro, h\u00e1 secura total com temperaturas \u00e0 volta de 40\u00b0C. A \u00e1gua da chuva de inverno n\u00e3o reutilizada \u00e9 agora recolhida [&hellip;]<\/p>\n","protected":false},"author":1,"featured_media":2098,"parent":0,"menu_order":0,"comment_status":"closed","ping_status":"closed","template":"","meta":{"ngg_post_thumbnail":0,"footnotes":""},"class_list":["post-1686","page","type-page","status-publish","has-post-thumbnail","hentry"],"jetpack_sharing_enabled":true,"_links":{"self":[{"href":"https:\/\/herdade-dos-lagos.de\/pt-pt\/wp-json\/wp\/v2\/pages\/1686","targetHints":{"allow":["GET"]}}],"collection":[{"href":"https:\/\/herdade-dos-lagos.de\/pt-pt\/wp-json\/wp\/v2\/pages"}],"about":[{"href":"https:\/\/herdade-dos-lagos.de\/pt-pt\/wp-json\/wp\/v2\/types\/page"}],"author":[{"embeddable":true,"href":"https:\/\/herdade-dos-lagos.de\/pt-pt\/wp-json\/wp\/v2\/users\/1"}],"replies":[{"embeddable":true,"href":"https:\/\/herdade-dos-lagos.de\/pt-pt\/wp-json\/wp\/v2\/comments?post=1686"}],"version-history":[{"count":6,"href":"https:\/\/herdade-dos-lagos.de\/pt-pt\/wp-json\/wp\/v2\/pages\/1686\/revisions"}],"predecessor-version":[{"id":3197,"href":"https:\/\/herdade-dos-lagos.de\/pt-pt\/wp-json\/wp\/v2\/pages\/1686\/revisions\/3197"}],"wp:featuredmedia":[{"embeddable":true,"href":"https:\/\/herdade-dos-lagos.de\/pt-pt\/wp-json\/wp\/v2\/media\/2098"}],"wp:attachment":[{"href":"https:\/\/herdade-dos-lagos.de\/pt-pt\/wp-json\/wp\/v2\/media?parent=1686"}],"curies":[{"name":"wp","href":"https:\/\/api.w.org\/{rel}","templated":true}]}}